{"id":1085,"date":"2021-03-11T23:49:49","date_gmt":"2021-03-11T20:49:49","guid":{"rendered":"http:\/\/www.ebacevre.com.tr\/?page_id=1085"},"modified":"2023-01-22T01:06:25","modified_gmt":"2023-01-21T22:06:25","slug":"cevre-danismanligi","status":"publish","type":"page","link":"http:\/\/www.ebacevre.com.tr\/?page_id=1085","title":{"rendered":"\u00c7evre Y\u00f6netimi Hizmetleri"},"content":{"rendered":"<div class=\"bt_bb_wrapper\"><section id=\"bt_bb_section69e39031c999c\"  class=\"bt_bb_section bt_bb_top_spacing_medium bt_bb_bottom_spacing_medium bt_bb_layout_boxed_1200 bt_bb_vertical_align_top\" ><div class=\"bt_bb_port\"><div class=\"bt_bb_cell\"><div class=\"bt_bb_cell_inner\"><div class=\"bt_bb_row_wrapper\"><div  class=\"bt_bb_row bt_bb_column_gap_25\" ><div  class=\"bt_bb_column col-md-12 col-ms-12 bt_bb_align_left bt_bb_vertical_align_top bt_bb_animation_fade_in animate bt_bb_padding_normal\"  data-width=\"12\"><div class=\"bt_bb_column_content\"><header class=\"bt_bb_headline bt_bb_font_weight_bold bt_bb_color_scheme_7 bt_bb_dash_none bt_bb_size_medium bt_bb_align_inherit bt_bb_dash_type_none\" data-bt-override-class=\"{&quot;bt_bb_align_&quot;:{&quot;current_class&quot;:&quot;bt_bb_align_inherit&quot;,&quot;xl&quot;:&quot;inherit&quot;}}\"><h3 class=\"bt_bb_headline_tag\"><span class=\"bt_bb_headline_content\"><span>\u00c7evre Y\u00f6netimi Hizmetleri<\/span><\/span><\/h3><\/header><div class=\"bt_bb_separator bt_bb_bottom_spacing_small bt_bb_border_style_none\"><\/div><div  class=\"bt_bb_row_inner\" ><div  class=\"bt_bb_column_inner col-md-6 col-sm-12 bt_bb_align_left bt_bb_vertical_align_top\"  data-width=\"6\"><div class=\"bt_bb_column_inner_content\"><div  class=\"bt_bb_text\" ><div class=\"post_description\">\n<div class=\"column two-third\">\n<div class=\"font-16\">\n<p><strong>Eba <\/strong>\u00c7evre Dan\u0131\u015fmanl\u0131k konular\u0131nda deneyimli ekibiyle \u201c\u00c7evre G\u00f6revlisi, \u00c7evre Y\u00f6netim Birimi ve \u00c7evre Dan\u0131\u015fmanl\u0131k Firmalar\u0131 Hakk\u0131nda Y\u00f6netmelik\u201d ve \u201c\u00c7evre \u0130zin ve Lisans Y\u00f6netmeli\u011fi\u201d ile di\u011fer \u00c7evre Mevzuatlar\u0131 kapsam\u0131nda hizmetler sunarak Firman\u0131za \u00e7\u00f6z\u00fcm orta\u011f\u0131 olmaktad\u0131r.<\/p>\n<p><strong>\u00c7evre Y\u00f6netimi Hizmetleri Kapsam\u0131nda ;<\/strong><\/p>\n<ul>\n<li>\u00c7evre \u0130zin Belgesi, \u00c7evre \u0130zin ve Lisans Belgesi, Toplama Ay\u0131rma Belgesi<\/li>\n<li>KOSGEB Destekleri ve Te\u015fvikler<\/li>\n<li>De\u015farj Kalite Kontrol Ruhsat\u0131 (DKKR)<\/li>\n<li>\u0130\u015fyeri A\u00e7ma ve \u00c7al\u0131\u015fma Ruhsat\u0131<\/li>\n<li>Kapasite Raporlar\u0131n\u0131n Al\u0131nmas\u0131<\/li>\n<li>At\u0131ksu Ar\u0131tma Tesisi Kimlik Belgelerinin al\u0131nmas\u0131<\/li>\n<li>Beyanlar\u0131n ve Bildirimlerin yap\u0131lmas\u0131<\/li>\n<li>\u00c7evre ve Mevzuat kapsamlar\u0131nda ve \u0130dari Para Cezalar\u0131 hakkk\u0131nda E\u011fitimlerin verilmesi<\/li>\n<li>\u0130\u00e7 Tetkiklerin yap\u0131lmas\u0131 ve Yasal Uygunluk kapsam\u0131nda de\u011ferlendirme<\/li>\n<li>Geri Kazan\u0131m (Tehlikeli At\u0131k, Tehlikesiz At\u0131k, At\u0131k Ya\u011f, Bitkisel At\u0131k Ya\u011f,At\u0131k Pil Ve Ak\u00fcm\u00fclat\u00f6r,\u00d6mr\u00fcn\u00fc Tamamlam\u0131\u015f Lastik, Ambalaj At\u0131\u011f\u0131)<\/li>\n<li>End\u00fcstriyel At\u0131k Y\u00f6netim Planlar\u0131 Haz\u0131rlanmas\u0131<\/li>\n<li>\u00c7evre- Boyut analizi<\/li>\n<li>Ba\u011f\u0131ms\u0131z \u00c7evre Denetimleri<\/li>\n<li>\u00c7evre E\u011fitimleri<\/li>\n<li>Beyan \/Bildirimlerin Yap\u0131lmas\u0131<\/li>\n<li>\u00c7evresel Acil Durum Tatbikatlar\u0131<\/li>\n<li>\u00c7evre Projeleri Yat\u0131r\u0131m Dan\u0131\u015fmanl\u0131\u011f\u0131<\/li>\n<li>Tam \/K\u0131smi Zamanl\u0131 \u00c7evre G\u00f6revlisi G\u00f6revlendirme<\/li>\n<li>Sera Gaz\u0131 izleme plan\u0131 ve emisyon raporlar\u0131n\u0131n haz\u0131rlanmas\u0131<\/li>\n<\/ul>\n<\/div>\n<\/div>\n<\/div>\n<\/div><div class=\"bt_bb_separator bt_bb_bottom_spacing_small bt_bb_border_style_none bt_bb_hidden_md bt_bb_hidden_lg\"><\/div><div class=\"bt_bb_column_inner_highlight\"><\/div><\/div><\/div><div  class=\"bt_bb_column_inner col-md-6 col-sm-12 bt_bb_align_left bt_bb_vertical_align_top\"  data-width=\"6\"><div class=\"bt_bb_column_inner_content\"><div class=\"bt_bb_image bt_bb_shape_square bt_bb_align_inherit bt_bb_hover_style_simple bt_bb_content_display_always bt_bb_content_align_middle\" data-bt-override-class=\"{&quot;bt_bb_align_&quot;:{&quot;current_class&quot;:&quot;bt_bb_align_inherit&quot;,&quot;xl&quot;:&quot;inherit&quot;}}\"><span><img width=\"507\" height=\"573\" src=\"http:\/\/www.ebacevre.com.tr\/wp-content\/uploads\/2021\/04\/cevre-danismanligi-ebacevre.png\" class=\"attachment-full size-full\" alt=\"http:\/\/www.ebacevre.com.tr\/wp-content\/uploads\/2021\/04\/cevre-danismanligi-ebacevre.png\" loading=\"lazy\" data-full_image_src=\"http:\/\/www.ebacevre.com.tr\/wp-content\/uploads\/2021\/04\/cevre-danismanligi-ebacevre.png\" title=\"\u00e7evre-dan\u0131\u015fmanl\u0131\u011f\u0131-ebacevre\" srcset=\"http:\/\/www.ebacevre.com.tr\/wp-content\/uploads\/2021\/04\/cevre-danismanligi-ebacevre.png 507w, http:\/\/www.ebacevre.com.tr\/wp-content\/uploads\/2021\/04\/cevre-danismanligi-ebacevre-320x362.png 320w\" sizes=\"(max-width: 507px) 100vw, 507px\" \/><\/span><\/div><div class=\"bt_bb_column_inner_highlight\"><\/div><\/div><\/div><\/div><div class=\"bt_bb_separator bt_bb_bottom_spacing_small bt_bb_border_style_none\"><\/div><div class=\"bt_bb_column_highlight\"><\/div><\/div><\/div><\/div><\/div><\/div><\/div><\/div><\/section><\/div>","protected":false},"excerpt":{"rendered":"","protected":false},"author":1,"featured_media":0,"parent":0,"menu_order":0,"comment_status":"closed","ping_status":"closed","template":"","meta":[],"_links":{"self":[{"href":"http:\/\/www.ebacevre.com.tr\/index.php?rest_route=\/wp\/v2\/pages\/1085"}],"collection":[{"href":"http:\/\/www.ebacevre.com.tr\/index.php?rest_route=\/wp\/v2\/pages"}],"about":[{"href":"http:\/\/www.ebacevre.com.tr\/index.php?rest_route=\/wp\/v2\/types\/page"}],"author":[{"embeddable":true,"href":"http:\/\/www.ebacevre.com.tr\/index.php?rest_route=\/wp\/v2\/users\/1"}],"replies":[{"embeddable":true,"href":"http:\/\/www.ebacevre.com.tr\/index.php?rest_route=%2Fwp%2Fv2%2Fcomments&post=1085"}],"version-history":[{"count":8,"href":"http:\/\/www.ebacevre.com.tr\/index.php?rest_route=\/wp\/v2\/pages\/1085\/revisions"}],"predecessor-version":[{"id":1361,"href":"http:\/\/www.ebacevre.com.tr\/index.php?rest_route=\/wp\/v2\/pages\/1085\/revisions\/1361"}],"wp:attachment":[{"href":"http:\/\/www.ebacevre.com.tr\/index.php?rest_route=%2Fwp%2Fv2%2Fmedia&parent=1085"}],"curies":[{"name":"wp","href":"https:\/\/api.w.org\/{rel}","templated":true}]}}