{"id":1086,"date":"2021-03-11T23:51:03","date_gmt":"2021-03-11T20:51:03","guid":{"rendered":"http:\/\/www.ebacevre.com.tr\/?page_id=1086"},"modified":"2023-01-22T01:07:23","modified_gmt":"2023-01-21T22:07:23","slug":"ced-raporu","status":"publish","type":"page","link":"http:\/\/www.ebacevre.com.tr\/?page_id=1086","title":{"rendered":"\u00c7ED-\u00c7evresel Etki De\u011ferlendirmesi"},"content":{"rendered":"<div class=\"bt_bb_wrapper\"><section id=\"bt_bb_section69e38a64e2d97\"  class=\"bt_bb_section bt_bb_top_spacing_medium bt_bb_bottom_spacing_medium bt_bb_layout_boxed_1200 bt_bb_vertical_align_top\" ><div class=\"bt_bb_port\"><div class=\"bt_bb_cell\"><div class=\"bt_bb_cell_inner\"><div class=\"bt_bb_row_wrapper\"><div  class=\"bt_bb_row bt_bb_column_gap_25\" ><div  class=\"bt_bb_column col-md-12 col-ms-12 bt_bb_align_left bt_bb_vertical_align_top bt_bb_animation_fade_in animate bt_bb_padding_normal\"  data-width=\"12\"><div class=\"bt_bb_column_content\"><header class=\"bt_bb_headline bt_bb_font_weight_bold bt_bb_color_scheme_7 bt_bb_dash_none bt_bb_size_medium bt_bb_align_inherit bt_bb_dash_type_none\" data-bt-override-class=\"{&quot;bt_bb_align_&quot;:{&quot;current_class&quot;:&quot;bt_bb_align_inherit&quot;,&quot;xl&quot;:&quot;inherit&quot;}}\"><h3 class=\"bt_bb_headline_tag\"><span class=\"bt_bb_headline_content\"><span>\u00c7ED Raporu<\/span><\/span><\/h3><\/header><div class=\"bt_bb_separator bt_bb_bottom_spacing_small bt_bb_border_style_none\"><\/div><div  class=\"bt_bb_row_inner\" ><div  class=\"bt_bb_column_inner col-md-6 col-sm-12 bt_bb_align_left bt_bb_vertical_align_top\"  data-width=\"6\"><div class=\"bt_bb_column_inner_content\"><div  class=\"bt_bb_text\" ><ul>\n<li>\n<div class=\"post_description\">\n<div class=\"column two-third\">\n<div class=\"font-16\">\n<p><strong>Eba \u00c7evre <\/strong>ger\u00e7ekle\u015ftirilmesi planlanan projelerin \u00e7evreye olabilecek olumlu ve olumsuz\u00a0etkilerinin belirlenmesinde, olumsuz y\u00f6ndeki etkilerin \u00f6nlenmesi ya da \u00e7evreye zarar verilmeyecek \u00f6l\u00e7\u00fcde en aza indirilmesi i\u00e7in al\u0131nacak \u00f6nlemlerin, se\u00e7ilen yer ile teknoloji alternatiflerinin belirlenerek de\u011ferlendirilmesinde ve projelerin uygulanmas\u0131n\u0131n izlenmesi ve kontrol\u00fcnde s\u00fcrd\u00fcr\u00fclecek \u00e7al\u0131\u015fmalar\u0131 kapsayan \u00c7ED Proje Dosyalar\u0131n\u0131 haz\u0131rlar.<\/p>\n<p><strong>\u00c7evresel Etki De\u011ferlendirme Y\u00f6netmeli\u011fi kapsam\u0131nda;<\/strong><\/p>\n<ul>\n<li>\u00c7ED Kapsam D\u0131\u015f\u0131 Yaz\u0131s\u0131n\u0131n Al\u0131nmas\u0131<\/li>\n<li>Proje Tan\u0131t\u0131m Dosyas\u0131n\u0131n haz\u0131rlanmas\u0131 (PTD) ve \u00c7ED Gerekli De\u011fildir Belgesinin al\u0131nmas\u0131<\/li>\n<li>\u00c7ED Dosyas\u0131n\u0131n haz\u0131rlanmas\u0131 ve \u00c7ED Olumlu Belgesinin al\u0131nmas\u0131<\/li>\n<li>Maden at\u0131klar\u0131 at\u0131k y\u00f6netim planlar\u0131n\u0131n haz\u0131rlanmas\u0131<\/li>\n<li>Fizibilite raporlar\u0131n\u0131n haz\u0131rlanmas\u0131<\/li>\n<\/ul>\n<\/div>\n<\/div>\n<\/div>\n<\/li>\n<\/ul>\n<\/div><div class=\"bt_bb_separator bt_bb_bottom_spacing_small bt_bb_border_style_none bt_bb_hidden_md bt_bb_hidden_lg\"><\/div><div class=\"bt_bb_column_inner_highlight\"><\/div><\/div><\/div><div  class=\"bt_bb_column_inner col-md-6 col-sm-12 bt_bb_align_left bt_bb_vertical_align_top\"  data-width=\"6\"><div class=\"bt_bb_column_inner_content\"><div class=\"bt_bb_image bt_bb_shape_square bt_bb_align_inherit bt_bb_hover_style_simple bt_bb_content_display_always bt_bb_content_align_middle\" data-bt-override-class=\"{&quot;bt_bb_align_&quot;:{&quot;current_class&quot;:&quot;bt_bb_align_inherit&quot;,&quot;xl&quot;:&quot;inherit&quot;}}\"><span><img width=\"748\" height=\"614\" src=\"http:\/\/www.ebacevre.com.tr\/wp-content\/uploads\/2021\/04\/ced-raporu-ebacevre.jpg\" class=\"attachment-full size-full\" alt=\"http:\/\/www.ebacevre.com.tr\/wp-content\/uploads\/2021\/04\/ced-raporu-ebacevre.jpg\" loading=\"lazy\" data-full_image_src=\"http:\/\/www.ebacevre.com.tr\/wp-content\/uploads\/2021\/04\/ced-raporu-ebacevre.jpg\" title=\"ced-raporu-ebacevre\" srcset=\"http:\/\/www.ebacevre.com.tr\/wp-content\/uploads\/2021\/04\/ced-raporu-ebacevre.jpg 748w, http:\/\/www.ebacevre.com.tr\/wp-content\/uploads\/2021\/04\/ced-raporu-ebacevre-640x525.jpg 640w, http:\/\/www.ebacevre.com.tr\/wp-content\/uploads\/2021\/04\/ced-raporu-ebacevre-320x263.jpg 320w\" sizes=\"(max-width: 748px) 100vw, 748px\" \/><\/span><\/div><div class=\"bt_bb_column_inner_highlight\"><\/div><\/div><\/div><\/div><div class=\"bt_bb_separator bt_bb_bottom_spacing_small bt_bb_border_style_none\"><\/div><div class=\"bt_bb_column_highlight\"><\/div><\/div><\/div><\/div><\/div><\/div><\/div><\/div><\/section><\/div>","protected":false},"excerpt":{"rendered":"","protected":false},"author":1,"featured_media":0,"parent":0,"menu_order":0,"comment_status":"closed","ping_status":"closed","template":"","meta":[],"_links":{"self":[{"href":"http:\/\/www.ebacevre.com.tr\/index.php?rest_route=\/wp\/v2\/pages\/1086"}],"collection":[{"href":"http:\/\/www.ebacevre.com.tr\/index.php?rest_route=\/wp\/v2\/pages"}],"about":[{"href":"http:\/\/www.ebacevre.com.tr\/index.php?rest_route=\/wp\/v2\/types\/page"}],"author":[{"embeddable":true,"href":"http:\/\/www.ebacevre.com.tr\/index.php?rest_route=\/wp\/v2\/users\/1"}],"replies":[{"embeddable":true,"href":"http:\/\/www.ebacevre.com.tr\/index.php?rest_route=%2Fwp%2Fv2%2Fcomments&post=1086"}],"version-history":[{"count":7,"href":"http:\/\/www.ebacevre.com.tr\/index.php?rest_route=\/wp\/v2\/pages\/1086\/revisions"}],"predecessor-version":[{"id":1363,"href":"http:\/\/www.ebacevre.com.tr\/index.php?rest_route=\/wp\/v2\/pages\/1086\/revisions\/1363"}],"wp:attachment":[{"href":"http:\/\/www.ebacevre.com.tr\/index.php?rest_route=%2Fwp%2Fv2%2Fmedia&parent=1086"}],"curies":[{"name":"wp","href":"https:\/\/api.w.org\/{rel}","templated":true}]}}