{"id":1087,"date":"2021-03-11T23:51:15","date_gmt":"2021-03-11T20:51:15","guid":{"rendered":"http:\/\/www.ebacevre.com.tr\/?page_id=1087"},"modified":"2021-04-01T23:14:57","modified_gmt":"2021-04-01T20:14:57","slug":"emisyon-imisyon-olcumleri","status":"publish","type":"page","link":"http:\/\/www.ebacevre.com.tr\/?page_id=1087","title":{"rendered":"Emisyon &#038; \u0130misyon \u00d6l\u00e7\u00fcmleri"},"content":{"rendered":"<div class=\"bt_bb_wrapper\"><section id=\"bt_bb_section69e38fc64ad77\"  class=\"bt_bb_section bt_bb_top_spacing_medium bt_bb_bottom_spacing_medium bt_bb_layout_boxed_1200 bt_bb_vertical_align_top\" ><div class=\"bt_bb_port\"><div class=\"bt_bb_cell\"><div class=\"bt_bb_cell_inner\"><div class=\"bt_bb_row_wrapper\"><div  class=\"bt_bb_row bt_bb_column_gap_25\" ><div  class=\"bt_bb_column col-md-12 col-ms-12 bt_bb_align_left bt_bb_vertical_align_top bt_bb_animation_fade_in animate bt_bb_padding_normal\"  data-width=\"12\"><div class=\"bt_bb_column_content\"><header class=\"bt_bb_headline bt_bb_font_weight_bold bt_bb_color_scheme_7 bt_bb_dash_none bt_bb_size_medium bt_bb_align_inherit bt_bb_dash_type_none\" data-bt-override-class=\"{&quot;bt_bb_align_&quot;:{&quot;current_class&quot;:&quot;bt_bb_align_inherit&quot;,&quot;xl&quot;:&quot;inherit&quot;}}\"><h3 class=\"bt_bb_headline_tag\"><span class=\"bt_bb_headline_content\"><span>Emisyon & \u0130misyon \u00d6l\u00e7\u00fcmleri<\/span><\/span><\/h3><\/header><div class=\"bt_bb_separator bt_bb_bottom_spacing_small bt_bb_border_style_none\"><\/div><div  class=\"bt_bb_row_inner\" ><div  class=\"bt_bb_column_inner col-md-6 col-sm-12 bt_bb_align_left bt_bb_vertical_align_top\"  data-width=\"6\"><div class=\"bt_bb_column_inner_content\"><div  class=\"bt_bb_text\" ><p>Laboratuvar\u0131m\u0131z ; emisyon \u00f6l\u00e7\u00fcmlerini ulusal ve uluslararas\u0131 metotlara uygun \u015fekilde, konusunda deneyimli ve uzman personel ile modern \u00f6l\u00e7\u00fcm cihazlar\u0131 ve ekipmanlar\u0131 kullanarak ger\u00e7ekle\u015ftirmekte olup h\u0131zl\u0131, g\u00fcvenilir ve kaliteli hizmet vermektedir.<\/p>\n<ul>\n<li>Emisyon (Baca Gaz\u0131) ve \u0130misyon (Hava Kalitesi) \u00d6l\u00e7\u00fcmleri<\/li>\n<li>Hava Kalitesi Da\u011f\u0131l\u0131m Modelleme \u00c7al\u0131\u015fmalar\u0131<\/li>\n<li>S\u00fcrekli Emisyon (KGS2 ve YGT Testleri) \u00d6l\u00e7\u00fcmleri<\/li>\n<li>SE\u00d6S Fizibilite Raporunun Haz\u0131rlanmas\u0131<\/li>\n<li>Sera Gaz\u0131 Emisyonunun Planlar\u0131n\u0131n Olu\u015fturulmas\u0131<\/li>\n<li>Numune Alma Hizmetleri<\/li>\n<li>Su, At\u0131ksu, Deniz Suyu ve Y\u00fczeysel Su Analizleri<\/li>\n<li>At\u0131k \u00c7amur ve Toprak Analizleri<\/li>\n<li>At\u0131k Analizleri<\/li>\n<li>At\u0131k Ya\u011f Analizleri<\/li>\n<li>\u00c7evresel Ekipman G\u00fcr\u00fclt\u00fcs\u00fc \u00d6l\u00e7\u00fcmleri<\/li>\n<li>Akustik \u00d6l\u00e7\u00fcmleri ve Haritalanmas\u0131<\/li>\n<li>Titre\u015fim \u00d6l\u00e7\u00fcmleri<\/li>\n<li>Biyogaz \u00d6l\u00e7\u00fcm ve Analizleri, Tesis Fizibilitesi<\/li>\n<li>Enerji Verimlili\u011fi \u00d6l\u00e7\u00fcmleri<\/li>\n<li>\u0130\u015f Sa\u011fl\u0131\u011f\u0131 Ve G\u00fcvenli\u011fi (\u0130\u015f Hijyeni ) \u00d6l\u00e7\u00fcmleri<\/li>\n<li>\u0130\u00e7 Ortam G\u00fcr\u00fclt\u00fc \u00d6l\u00e7\u00fcmleri ve Haritalama<\/li>\n<li>\u0130\u00e7 Ortam Toz \u00d6l\u00e7\u00fcmleri ve Haritalam<\/li>\n<li>Ayd\u0131nlatma \u00d6l\u00e7\u00fcmleri (I\u015f\u0131k \u015eiddeti)<\/li>\n<li>Termal Konfor \u00d6l\u00e7\u00fcmleri<\/li>\n<li>Ki\u015fisel Maruziyet \u00d6l\u00e7\u00fcmleri<\/li>\n<li>Yan\u0131c\u0131, Parlay\u0131c\u0131 ve Patlay\u0131c\u0131 Gaz \u00d6l\u00e7\u00fcmleri<\/li>\n<li>Toz (PM 10, PM 2,5) \u00f6l\u00e7\u00fcmleri U&lt;Uct\u0131 Organik \u00d6l\u00e7\u00fcmleri<\/li>\n<li>\u00c7oken Toz \u00d6l\u00e7\u00fcmleri<\/li>\n<li>Tozda A\u011f\u0131r Metal \u00d6l\u00e7\u00fcmleri Pasif Ornekley\u0131ciler ile \u00f6l\u00e7\u00fcmleri C\u00d6l\u00e7\u00fcmler<\/li>\n<\/ul>\n<\/div><div class=\"bt_bb_separator bt_bb_bottom_spacing_small bt_bb_border_style_none bt_bb_hidden_md bt_bb_hidden_lg\"><\/div><div class=\"bt_bb_column_inner_highlight\"><\/div><\/div><\/div><div  class=\"bt_bb_column_inner col-md-6 col-sm-12 bt_bb_align_left bt_bb_vertical_align_top\"  data-width=\"6\"><div class=\"bt_bb_column_inner_content\"><div class=\"bt_bb_image bt_bb_shape_square bt_bb_align_inherit bt_bb_hover_style_simple bt_bb_content_display_always bt_bb_content_align_middle\" data-bt-override-class=\"{&quot;bt_bb_align_&quot;:{&quot;current_class&quot;:&quot;bt_bb_align_inherit&quot;,&quot;xl&quot;:&quot;inherit&quot;}}\"><span><img width=\"900\" height=\"600\" src=\"http:\/\/www.ebacevre.com.tr\/wp-content\/uploads\/2021\/04\/Emisyon-Imisyon-Olcumleri.jpg\" class=\"attachment-full size-full\" alt=\"http:\/\/www.ebacevre.com.tr\/wp-content\/uploads\/2021\/04\/Emisyon-Imisyon-Olcumleri.jpg\" loading=\"lazy\" data-full_image_src=\"http:\/\/www.ebacevre.com.tr\/wp-content\/uploads\/2021\/04\/Emisyon-Imisyon-Olcumleri.jpg\" title=\"Emisyon &amp; \u0130misyon \u00d6l\u00e7\u00fcmleri\" srcset=\"http:\/\/www.ebacevre.com.tr\/wp-content\/uploads\/2021\/04\/Emisyon-Imisyon-Olcumleri.jpg 900w, http:\/\/www.ebacevre.com.tr\/wp-content\/uploads\/2021\/04\/Emisyon-Imisyon-Olcumleri-640x427.jpg 640w, http:\/\/www.ebacevre.com.tr\/wp-content\/uploads\/2021\/04\/Emisyon-Imisyon-Olcumleri-768x512.jpg 768w, http:\/\/www.ebacevre.com.tr\/wp-content\/uploads\/2021\/04\/Emisyon-Imisyon-Olcumleri-320x213.jpg 320w\" sizes=\"(max-width: 900px) 100vw, 900px\" \/><\/span><\/div><div class=\"bt_bb_column_inner_highlight\"><\/div><\/div><\/div><\/div><div class=\"bt_bb_separator bt_bb_bottom_spacing_small bt_bb_border_style_none\"><\/div><div class=\"bt_bb_column_highlight\"><\/div><\/div><\/div><\/div><\/div><\/div><\/div><\/div><\/section><\/div>","protected":false},"excerpt":{"rendered":"","protected":false},"author":1,"featured_media":0,"parent":0,"menu_order":0,"comment_status":"closed","ping_status":"closed","template":"","meta":[],"_links":{"self":[{"href":"http:\/\/www.ebacevre.com.tr\/index.php?rest_route=\/wp\/v2\/pages\/1087"}],"collection":[{"href":"http:\/\/www.ebacevre.com.tr\/index.php?rest_route=\/wp\/v2\/pages"}],"about":[{"href":"http:\/\/www.ebacevre.com.tr\/index.php?rest_route=\/wp\/v2\/types\/page"}],"author":[{"embeddable":true,"href":"http:\/\/www.ebacevre.com.tr\/index.php?rest_route=\/wp\/v2\/users\/1"}],"replies":[{"embeddable":true,"href":"http:\/\/www.ebacevre.com.tr\/index.php?rest_route=%2Fwp%2Fv2%2Fcomments&post=1087"}],"version-history":[{"count":5,"href":"http:\/\/www.ebacevre.com.tr\/index.php?rest_route=\/wp\/v2\/pages\/1087\/revisions"}],"predecessor-version":[{"id":1193,"href":"http:\/\/www.ebacevre.com.tr\/index.php?rest_route=\/wp\/v2\/pages\/1087\/revisions\/1193"}],"wp:attachment":[{"href":"http:\/\/www.ebacevre.com.tr\/index.php?rest_route=%2Fwp%2Fv2%2Fmedia&parent=1087"}],"curies":[{"name":"wp","href":"https:\/\/api.w.org\/{rel}","templated":true}]}}