{"id":1088,"date":"2021-03-11T23:51:28","date_gmt":"2021-03-11T20:51:28","guid":{"rendered":"http:\/\/www.ebacevre.com.tr\/?page_id=1088"},"modified":"2021-04-01T23:09:52","modified_gmt":"2021-04-01T20:09:52","slug":"is-hijyeni-is-sagligi-ve-guvenligi-olcumu","status":"publish","type":"page","link":"http:\/\/www.ebacevre.com.tr\/?page_id=1088","title":{"rendered":"\u0130\u015f hijyeni (\u0130\u015f Sa\u011fl\u0131\u011f\u0131 ve G\u00fcvenli\u011fi) \u00d6l\u00e7\u00fcm\u00fc"},"content":{"rendered":"<div class=\"bt_bb_wrapper\"><section id=\"bt_bb_section69e38e5da91a9\"  class=\"bt_bb_section bt_bb_top_spacing_medium bt_bb_bottom_spacing_medium bt_bb_layout_boxed_1200 bt_bb_vertical_align_top\" ><div class=\"bt_bb_port\"><div class=\"bt_bb_cell\"><div class=\"bt_bb_cell_inner\"><div class=\"bt_bb_row_wrapper\"><div  class=\"bt_bb_row bt_bb_column_gap_25\" ><div  class=\"bt_bb_column col-md-12 col-ms-12 bt_bb_align_left bt_bb_vertical_align_top bt_bb_animation_fade_in animate bt_bb_padding_normal\"  data-width=\"12\"><div class=\"bt_bb_column_content\"><header class=\"bt_bb_headline bt_bb_font_weight_bold bt_bb_color_scheme_7 bt_bb_dash_none bt_bb_size_medium bt_bb_align_inherit bt_bb_dash_type_none\" data-bt-override-class=\"{&quot;bt_bb_align_&quot;:{&quot;current_class&quot;:&quot;bt_bb_align_inherit&quot;,&quot;xl&quot;:&quot;inherit&quot;}}\"><h3 class=\"bt_bb_headline_tag\"><span class=\"bt_bb_headline_content\"><span>\u0130\u015f hijyeni (\u0130\u015f Sa\u011fl\u0131\u011f\u0131 ve G\u00fcvenli\u011fi) \u00d6l\u00e7\u00fcm\u00fc<\/span><\/span><\/h3><\/header><div class=\"bt_bb_separator bt_bb_bottom_spacing_small bt_bb_border_style_none\"><\/div><div  class=\"bt_bb_row_inner\" ><div  class=\"bt_bb_column_inner col-md-6 col-sm-12 bt_bb_align_left bt_bb_vertical_align_top\"  data-width=\"6\"><div class=\"bt_bb_column_inner_content\"><div  class=\"bt_bb_text\" ><ul>\n<li>\n<h3>G\u00fcr\u00fclt\u00fc \u00d6l\u00e7\u00fcmleri<\/h3>\n<ul>\n<li>\u0130\u00e7 Ortam G\u00fcr\u00fclt\u00fc \u00d6l\u00e7\u00fcmleri<\/li>\n<li>\u0130\u00e7 Ortam G\u00fcr\u00fclt\u00fc Haritas\u0131n\u0131n Haz\u0131rlanmas\u0131<\/li>\n<li>G\u00fcr\u00fclt\u00fc Maruziyet \u00d6l\u00e7\u00fcmleri<br \/>\n<h3><\/h3>\n<\/li>\n<\/ul>\n<h3>Toz ve Aerosol \u00d6l\u00e7\u00fcmleri<\/h3>\n<ul>\n<li>Toplam Toz \u00d6l\u00e7\u00fcmleri ve Maruziyeti<\/li>\n<li>Toz Haritas\u0131n\u0131n Haz\u0131rlanmas\u0131<\/li>\n<li>Solunabilir Toz \u00d6l\u00e7\u00fcmleri ve Maruziyeti<\/li>\n<li>Toplam Aerosol Maruziyet \u00d6l\u00e7\u00fcmleri<\/li>\n<li>Solunabilir Aerosol Maruziyet \u00d6l\u00e7\u00fcmleri<\/li>\n<\/ul>\n<h3>A\u011f\u0131r Metal \u00d6l\u00e7\u00fcmleri<\/h3>\n<ul>\n<li>A\u011f\u0131r Metal Ortam \u00d6l\u00e7\u00fcmleri<\/li>\n<li>A\u011f\u0131r Metal Maruziyet \u00d6l\u00e7\u00fcmleri<\/li>\n<\/ul>\n<h3>Ayd\u0131nlatma \u00d6l\u00e7\u00fcmleri<\/h3>\n<ul>\n<li>\u0130\u00e7 ve D\u0131\u015f Ayd\u0131nlatma Ortam Seviyeleri (Gece-G\u00fcnd\u00fcz)<\/li>\n<\/ul>\n<h3>Termal Konfor \u00d6l\u00e7\u00fcmleri<\/h3>\n<ul>\n<li>Termal Konfor (WBGT) \u00d6l\u00e7\u00fcm\u00fc<\/li>\n<li>Termal Konfor (PMV\/PPD) \u00d6l\u00e7\u00fcm\u00fc<\/li>\n<\/ul>\n<h3>Titre\u015fim \u00d6l\u00e7\u00fcmleri<\/h3>\n<ul>\n<li>Zemin Titre\u015fimi<\/li>\n<li>El-Kol Titre\u015fim Maruziyeti<\/li>\n<li>T\u00fcm V\u00fccut Titre\u015fim Maruziyeti<\/li>\n<\/ul>\n<h3>Gaz \u00d6l\u00e7\u00fcmleri<\/h3>\n<ul>\n<li>Toksik Gaz \u00d6l\u00e7\u00fcmleri ve Maruziyeti<\/li>\n<li>\u0130norganik Asit \u00d6l\u00e7\u00fcmleri ve Maruziyeti<\/li>\n<li>VOC ve VOC Maruziyet \u00d6l\u00e7\u00fcm\u00fc<\/li>\n<li>%LEL<\/li>\n<li>Kaynak Gazlar\u0131 \u00d6l\u00e7\u00fcmleri<\/li>\n<\/ul>\n<h3>Lifsi Toz (Asbest-Lif Say\u0131m\u0131) \u00d6l\u00e7\u00fcmleri ve Maruziyeti<\/h3>\n<h3>Silika \u00d6l\u00e7\u00fcmleri ve Analizleri<\/h3>\n<h3>Elektromanyetik Alan \u00d6l\u00e7\u00fcmleri<\/h3>\n<\/li>\n<\/ul>\n<\/div><div class=\"bt_bb_separator bt_bb_bottom_spacing_small bt_bb_border_style_none bt_bb_hidden_md bt_bb_hidden_lg\"><\/div><div class=\"bt_bb_column_inner_highlight\"><\/div><\/div><\/div><div  class=\"bt_bb_column_inner col-md-6 col-sm-12 bt_bb_align_left bt_bb_vertical_align_top\"  data-width=\"6\"><div class=\"bt_bb_column_inner_content\"><div class=\"bt_bb_image bt_bb_shape_square bt_bb_align_inherit bt_bb_hover_style_simple bt_bb_content_display_always bt_bb_content_align_middle\" data-bt-override-class=\"{&quot;bt_bb_align_&quot;:{&quot;current_class&quot;:&quot;bt_bb_align_inherit&quot;,&quot;xl&quot;:&quot;inherit&quot;}}\"><span><img width=\"512\" height=\"337\" src=\"http:\/\/www.ebacevre.com.tr\/wp-content\/uploads\/2021\/04\/Is-hijyeni-Is-Sagligi-ve-Guvenligi-Olcumu-ebacevre.jpg\" class=\"attachment-full size-full\" alt=\"http:\/\/www.ebacevre.com.tr\/wp-content\/uploads\/2021\/04\/Is-hijyeni-Is-Sagligi-ve-Guvenligi-Olcumu-ebacevre.jpg\" loading=\"lazy\" data-full_image_src=\"http:\/\/www.ebacevre.com.tr\/wp-content\/uploads\/2021\/04\/Is-hijyeni-Is-Sagligi-ve-Guvenligi-Olcumu-ebacevre.jpg\" title=\"\u0130\u015f hijyeni (\u0130\u015f Sa\u011fl\u0131\u011f\u0131 ve G\u00fcvenli\u011fi) \u00d6l\u00e7\u00fcm\u00fc-ebacevre\" srcset=\"http:\/\/www.ebacevre.com.tr\/wp-content\/uploads\/2021\/04\/Is-hijyeni-Is-Sagligi-ve-Guvenligi-Olcumu-ebacevre.jpg 512w, http:\/\/www.ebacevre.com.tr\/wp-content\/uploads\/2021\/04\/Is-hijyeni-Is-Sagligi-ve-Guvenligi-Olcumu-ebacevre-320x211.jpg 320w\" sizes=\"(max-width: 512px) 100vw, 512px\" \/><\/span><\/div><div class=\"bt_bb_column_inner_highlight\"><\/div><\/div><\/div><\/div><div class=\"bt_bb_separator bt_bb_bottom_spacing_small bt_bb_border_style_none\"><\/div><div class=\"bt_bb_column_highlight\"><\/div><\/div><\/div><\/div><\/div><\/div><\/div><\/div><\/section><\/div>","protected":false},"excerpt":{"rendered":"","protected":false},"author":1,"featured_media":0,"parent":0,"menu_order":0,"comment_status":"closed","ping_status":"closed","template":"","meta":[],"_links":{"self":[{"href":"http:\/\/www.ebacevre.com.tr\/index.php?rest_route=\/wp\/v2\/pages\/1088"}],"collection":[{"href":"http:\/\/www.ebacevre.com.tr\/index.php?rest_route=\/wp\/v2\/pages"}],"about":[{"href":"http:\/\/www.ebacevre.com.tr\/index.php?rest_route=\/wp\/v2\/types\/page"}],"author":[{"embeddable":true,"href":"http:\/\/www.ebacevre.com.tr\/index.php?rest_route=\/wp\/v2\/users\/1"}],"replies":[{"embeddable":true,"href":"http:\/\/www.ebacevre.com.tr\/index.php?rest_route=%2Fwp%2Fv2%2Fcomments&post=1088"}],"version-history":[{"count":4,"href":"http:\/\/www.ebacevre.com.tr\/index.php?rest_route=\/wp\/v2\/pages\/1088\/revisions"}],"predecessor-version":[{"id":1191,"href":"http:\/\/www.ebacevre.com.tr\/index.php?rest_route=\/wp\/v2\/pages\/1088\/revisions\/1191"}],"wp:attachment":[{"href":"http:\/\/www.ebacevre.com.tr\/index.php?rest_route=%2Fwp%2Fv2%2Fmedia&parent=1088"}],"curies":[{"name":"wp","href":"https:\/\/api.w.org\/{rel}","templated":true}]}}