{"id":1089,"date":"2021-03-11T23:52:13","date_gmt":"2021-03-11T20:52:13","guid":{"rendered":"http:\/\/www.ebacevre.com.tr\/?page_id=1089"},"modified":"2023-01-22T01:08:13","modified_gmt":"2023-01-21T22:08:13","slug":"atik-camur-ve-toprak-analizleri","status":"publish","type":"page","link":"http:\/\/www.ebacevre.com.tr\/?page_id=1089","title":{"rendered":"Toprak Kirlili\u011fi Tespiti"},"content":{"rendered":"<div class=\"bt_bb_wrapper\"><section id=\"bt_bb_section69e38d5ab245b\"  class=\"bt_bb_section bt_bb_top_spacing_medium bt_bb_bottom_spacing_medium bt_bb_layout_boxed_1200 bt_bb_vertical_align_top\" ><div class=\"bt_bb_port\"><div class=\"bt_bb_cell\"><div class=\"bt_bb_cell_inner\"><div class=\"bt_bb_row_wrapper\"><div  class=\"bt_bb_row bt_bb_column_gap_25\" ><div  class=\"bt_bb_column col-md-12 col-ms-12 bt_bb_align_left bt_bb_vertical_align_top bt_bb_animation_fade_in animate bt_bb_padding_normal\"  data-width=\"12\"><div class=\"bt_bb_column_content\"><header class=\"bt_bb_headline bt_bb_font_weight_bold bt_bb_color_scheme_7 bt_bb_dash_none bt_bb_size_medium bt_bb_align_inherit bt_bb_dash_type_none\" data-bt-override-class=\"{&quot;bt_bb_align_&quot;:{&quot;current_class&quot;:&quot;bt_bb_align_inherit&quot;,&quot;xl&quot;:&quot;inherit&quot;}}\"><h3 class=\"bt_bb_headline_tag\"><span class=\"bt_bb_headline_content\"><span>Toprak Kirlili\u011fi Tespiti<\/span><\/span><\/h3><\/header><div class=\"bt_bb_separator bt_bb_bottom_spacing_small bt_bb_border_style_none\"><\/div><div  class=\"bt_bb_row_inner\" ><div  class=\"bt_bb_column_inner col-md-6 col-sm-12 bt_bb_align_left bt_bb_vertical_align_top\"  data-width=\"6\"><div class=\"bt_bb_column_inner_content\"><div  class=\"bt_bb_text\" ><ul>\n<li>Ar\u0131tma \u00c7amuru Analizi<\/li>\n<li>As (Arsenild Ba (Baryum) Cd (Kadminyum)<\/li>\n<li>Cr Toplam (Krom Toplam)<\/li>\n<li>Cu (Bak\u0131r)<\/li>\n<li>Hg (Ova)<\/li>\n<li>(Molibden)<\/li>\n<li>Ni I 14\/Ikt<\/li>\n<li>Pb (Kur\u015fun) Sb ( Antimon) Se (Selenyum) Zn (\u00c7inko) Klor&amp;Flonit<\/li>\n<li>S\u00fclfat<\/li>\n<li>DOC I(Sz\u00fcnm\u00fc\u015f Organik Karbon)<\/li>\n<li>TDS (Toplam \u00c7\u00f6z\u00fcnen Kat\u0131)<\/li>\n<li>Fenol Indeks,<\/li>\n<li>Proses At\u0131klar\u0131 Analizi<\/li>\n<li>Toprak Analizleri<\/li>\n<li>TOC (Toprak Organik Karbon)<\/li>\n<li>BTEX (Screen, Toluen, etilberuen ve Xylenes) PCBs<\/li>\n<li>Mineral Ya\u011f<\/li>\n<li>1.01 (Kud\u0131nra Kayb\u0131)<\/li>\n<li>AOK, TOX, TPH<\/li>\n<li><\/li>\n<\/ul>\n<\/div><div class=\"bt_bb_separator bt_bb_bottom_spacing_small bt_bb_border_style_none bt_bb_hidden_md bt_bb_hidden_lg\"><\/div><div class=\"bt_bb_column_inner_highlight\"><\/div><\/div><\/div><div  class=\"bt_bb_column_inner col-md-6 col-sm-12 bt_bb_align_left bt_bb_vertical_align_top\"  data-width=\"6\"><div class=\"bt_bb_column_inner_content\"><div class=\"bt_bb_image bt_bb_shape_square bt_bb_align_inherit bt_bb_hover_style_simple bt_bb_content_display_always bt_bb_content_align_middle\" data-bt-override-class=\"{&quot;bt_bb_align_&quot;:{&quot;current_class&quot;:&quot;bt_bb_align_inherit&quot;,&quot;xl&quot;:&quot;inherit&quot;}}\"><span><img width=\"792\" height=\"395\" src=\"http:\/\/www.ebacevre.com.tr\/wp-content\/uploads\/2021\/04\/atiksu_test1.jpg\" class=\"attachment-full size-full\" alt=\"http:\/\/www.ebacevre.com.tr\/wp-content\/uploads\/2021\/04\/atiksu_test1.jpg\" loading=\"lazy\" data-full_image_src=\"http:\/\/www.ebacevre.com.tr\/wp-content\/uploads\/2021\/04\/atiksu_test1.jpg\" title=\"at\u0131ksu_test1\" srcset=\"http:\/\/www.ebacevre.com.tr\/wp-content\/uploads\/2021\/04\/atiksu_test1.jpg 792w, http:\/\/www.ebacevre.com.tr\/wp-content\/uploads\/2021\/04\/atiksu_test1-640x319.jpg 640w, http:\/\/www.ebacevre.com.tr\/wp-content\/uploads\/2021\/04\/atiksu_test1-768x383.jpg 768w, http:\/\/www.ebacevre.com.tr\/wp-content\/uploads\/2021\/04\/atiksu_test1-320x160.jpg 320w\" sizes=\"(max-width: 792px) 100vw, 792px\" \/><\/span><\/div><div class=\"bt_bb_column_inner_highlight\"><\/div><\/div><\/div><\/div><div class=\"bt_bb_separator bt_bb_bottom_spacing_small bt_bb_border_style_none\"><\/div><div class=\"bt_bb_column_highlight\"><\/div><\/div><\/div><\/div><\/div><\/div><\/div><\/div><\/section><\/div>","protected":false},"excerpt":{"rendered":"","protected":false},"author":1,"featured_media":0,"parent":0,"menu_order":0,"comment_status":"closed","ping_status":"closed","template":"","meta":[],"_links":{"self":[{"href":"http:\/\/www.ebacevre.com.tr\/index.php?rest_route=\/wp\/v2\/pages\/1089"}],"collection":[{"href":"http:\/\/www.ebacevre.com.tr\/index.php?rest_route=\/wp\/v2\/pages"}],"about":[{"href":"http:\/\/www.ebacevre.com.tr\/index.php?rest_route=\/wp\/v2\/types\/page"}],"author":[{"embeddable":true,"href":"http:\/\/www.ebacevre.com.tr\/index.php?rest_route=\/wp\/v2\/users\/1"}],"replies":[{"embeddable":true,"href":"http:\/\/www.ebacevre.com.tr\/index.php?rest_route=%2Fwp%2Fv2%2Fcomments&post=1089"}],"version-history":[{"count":6,"href":"http:\/\/www.ebacevre.com.tr\/index.php?rest_route=\/wp\/v2\/pages\/1089\/revisions"}],"predecessor-version":[{"id":1364,"href":"http:\/\/www.ebacevre.com.tr\/index.php?rest_route=\/wp\/v2\/pages\/1089\/revisions\/1364"}],"wp:attachment":[{"href":"http:\/\/www.ebacevre.com.tr\/index.php?rest_route=%2Fwp%2Fv2%2Fmedia&parent=1089"}],"curies":[{"name":"wp","href":"https:\/\/api.w.org\/{rel}","templated":true}]}}