{"id":1090,"date":"2021-03-11T23:52:02","date_gmt":"2021-03-11T20:52:02","guid":{"rendered":"http:\/\/www.ebacevre.com.tr\/?page_id=1090"},"modified":"2021-04-01T22:52:05","modified_gmt":"2021-04-01T19:52:05","slug":"numune-alma-hizmetleri","status":"publish","type":"page","link":"http:\/\/www.ebacevre.com.tr\/?page_id=1090","title":{"rendered":"Numune Alma Hizmetleri"},"content":{"rendered":"<div class=\"bt_bb_wrapper\"><section id=\"bt_bb_section69e38b8290963\"  class=\"bt_bb_section bt_bb_top_spacing_medium bt_bb_bottom_spacing_medium bt_bb_layout_boxed_1200 bt_bb_vertical_align_top\" ><div class=\"bt_bb_port\"><div class=\"bt_bb_cell\"><div class=\"bt_bb_cell_inner\"><div class=\"bt_bb_row_wrapper\"><div  class=\"bt_bb_row bt_bb_column_gap_25\" ><div  class=\"bt_bb_column col-md-12 col-ms-12 bt_bb_align_left bt_bb_vertical_align_top bt_bb_animation_fade_in animate bt_bb_padding_normal\"  data-width=\"12\"><div class=\"bt_bb_column_content\"><header class=\"bt_bb_headline bt_bb_font_weight_bold bt_bb_color_scheme_7 bt_bb_dash_none bt_bb_size_medium bt_bb_align_inherit bt_bb_dash_type_none\" data-bt-override-class=\"{&quot;bt_bb_align_&quot;:{&quot;current_class&quot;:&quot;bt_bb_align_inherit&quot;,&quot;xl&quot;:&quot;inherit&quot;}}\"><h3 class=\"bt_bb_headline_tag\"><span class=\"bt_bb_headline_content\"><span>Numune Alma Hizmetleri<\/span><\/span><\/h3><\/header><div class=\"bt_bb_separator bt_bb_bottom_spacing_small bt_bb_border_style_none\"><\/div><div  class=\"bt_bb_row_inner\" ><div  class=\"bt_bb_column_inner col-md-6 col-sm-12 bt_bb_align_left bt_bb_vertical_align_top\"  data-width=\"6\"><div class=\"bt_bb_column_inner_content\"><div  class=\"bt_bb_text\" ><ul>\n<li>At\u0131k Sulardan Numune Alma<\/li>\n<li>Deniz Sular\u0131ndan Numune Alma<\/li>\n<li>Nehirden ve Akarsulardan Numune Alma<\/li>\n<li>G\u00f6l ve G\u00f6letlerden Numune Alma<\/li>\n<li>At\u0131k ya\u011f numunesi al\u0131m\u0131<\/li>\n<li>Kat\u0131 at\u0131k numune al\u0131m\u0131<\/li>\n<li>Biyogaz potansiyelinin belirlenmesi i\u00e7in numune al\u0131m\u0131<\/li>\n<\/ul>\n<\/div><div class=\"bt_bb_separator bt_bb_bottom_spacing_small bt_bb_border_style_none bt_bb_hidden_md bt_bb_hidden_lg\"><\/div><div class=\"bt_bb_column_inner_highlight\"><\/div><\/div><\/div><div  class=\"bt_bb_column_inner col-md-6 col-sm-12 bt_bb_align_left bt_bb_vertical_align_top\"  data-width=\"6\"><div class=\"bt_bb_column_inner_content\"><div class=\"bt_bb_image bt_bb_shape_square bt_bb_align_inherit bt_bb_hover_style_simple bt_bb_content_display_always bt_bb_content_align_middle\" data-bt-override-class=\"{&quot;bt_bb_align_&quot;:{&quot;current_class&quot;:&quot;bt_bb_align_inherit&quot;,&quot;xl&quot;:&quot;inherit&quot;}}\"><span><img width=\"440\" height=\"440\" src=\"http:\/\/www.ebacevre.com.tr\/wp-content\/uploads\/2021\/04\/numune-alma-ebacevre.png\" class=\"attachment-full size-full\" alt=\"http:\/\/www.ebacevre.com.tr\/wp-content\/uploads\/2021\/04\/numune-alma-ebacevre.png\" loading=\"lazy\" data-full_image_src=\"http:\/\/www.ebacevre.com.tr\/wp-content\/uploads\/2021\/04\/numune-alma-ebacevre.png\" title=\"numune alma ebacevre\" srcset=\"http:\/\/www.ebacevre.com.tr\/wp-content\/uploads\/2021\/04\/numune-alma-ebacevre.png 440w, http:\/\/www.ebacevre.com.tr\/wp-content\/uploads\/2021\/04\/numune-alma-ebacevre-160x160.png 160w, http:\/\/www.ebacevre.com.tr\/wp-content\/uploads\/2021\/04\/numune-alma-ebacevre-320x320.png 320w\" sizes=\"(max-width: 440px) 100vw, 440px\" \/><\/span><\/div><div class=\"bt_bb_column_inner_highlight\"><\/div><\/div><\/div><\/div><div class=\"bt_bb_separator bt_bb_bottom_spacing_small bt_bb_border_style_none\"><\/div><div class=\"bt_bb_column_highlight\"><\/div><\/div><\/div><\/div><\/div><\/div><\/div><\/div><\/section><\/div>","protected":false},"excerpt":{"rendered":"","protected":false},"author":1,"featured_media":0,"parent":0,"menu_order":0,"comment_status":"closed","ping_status":"closed","template":"","meta":[],"_links":{"self":[{"href":"http:\/\/www.ebacevre.com.tr\/index.php?rest_route=\/wp\/v2\/pages\/1090"}],"collection":[{"href":"http:\/\/www.ebacevre.com.tr\/index.php?rest_route=\/wp\/v2\/pages"}],"about":[{"href":"http:\/\/www.ebacevre.com.tr\/index.php?rest_route=\/wp\/v2\/types\/page"}],"author":[{"embeddable":true,"href":"http:\/\/www.ebacevre.com.tr\/index.php?rest_route=\/wp\/v2\/users\/1"}],"replies":[{"embeddable":true,"href":"http:\/\/www.ebacevre.com.tr\/index.php?rest_route=%2Fwp%2Fv2%2Fcomments&post=1090"}],"version-history":[{"count":4,"href":"http:\/\/www.ebacevre.com.tr\/index.php?rest_route=\/wp\/v2\/pages\/1090\/revisions"}],"predecessor-version":[{"id":1187,"href":"http:\/\/www.ebacevre.com.tr\/index.php?rest_route=\/wp\/v2\/pages\/1090\/revisions\/1187"}],"wp:attachment":[{"href":"http:\/\/www.ebacevre.com.tr\/index.php?rest_route=%2Fwp%2Fv2%2Fmedia&parent=1090"}],"curies":[{"name":"wp","href":"https:\/\/api.w.org\/{rel}","templated":true}]}}