{"id":1092,"date":"2021-03-11T23:51:40","date_gmt":"2021-03-11T20:51:40","guid":{"rendered":"http:\/\/www.ebacevre.com.tr\/?page_id=1092"},"modified":"2021-04-01T19:36:35","modified_gmt":"2021-04-01T16:36:35","slug":"su-ve-atiksu-analizleri","status":"publish","type":"page","link":"http:\/\/www.ebacevre.com.tr\/?page_id=1092","title":{"rendered":"Su ve At\u0131ksu Analizleri"},"content":{"rendered":"<div class=\"bt_bb_wrapper\"><section id=\"bt_bb_section69e3896e892e8\"  class=\"bt_bb_section bt_bb_top_spacing_medium bt_bb_bottom_spacing_medium bt_bb_layout_boxed_1200 bt_bb_vertical_align_top\" ><div class=\"bt_bb_port\"><div class=\"bt_bb_cell\"><div class=\"bt_bb_cell_inner\"><div class=\"bt_bb_row_wrapper\"><div  class=\"bt_bb_row bt_bb_column_gap_25\" ><div  class=\"bt_bb_column col-md-12 col-ms-12 bt_bb_align_left bt_bb_vertical_align_top bt_bb_animation_fade_in animate bt_bb_padding_normal\"  data-width=\"12\"><div class=\"bt_bb_column_content\"><header class=\"bt_bb_headline bt_bb_font_weight_bold bt_bb_color_scheme_7 bt_bb_dash_none bt_bb_size_medium bt_bb_align_inherit bt_bb_dash_type_none\" data-bt-override-class=\"{&quot;bt_bb_align_&quot;:{&quot;current_class&quot;:&quot;bt_bb_align_inherit&quot;,&quot;xl&quot;:&quot;inherit&quot;}}\"><h3 class=\"bt_bb_headline_tag\"><span class=\"bt_bb_headline_content\"><span>Su ve At\u0131ksu Analizleri<\/span><\/span><\/h3><\/header><div class=\"bt_bb_separator bt_bb_bottom_spacing_small bt_bb_border_style_none\"><\/div><div  class=\"bt_bb_row_inner\" ><div  class=\"bt_bb_column_inner col-md-6 col-sm-12 bt_bb_align_left bt_bb_vertical_align_top\"  data-width=\"6\"><div class=\"bt_bb_column_inner_content\"><div  class=\"bt_bb_text\" ><ul>\n<li>pH Tayini<\/li>\n<li>\u0130letkenlik Tayini<\/li>\n<li>Asidite \/ Alkanite Tayini<\/li>\n<li>Fekal \/ Toplam Koliform<\/li>\n<li>Toplam Kat\u0131 Madde<\/li>\n<li>\u00c7\u00f6z\u00fcnm\u00fc\u015f Kat\u0131 Madde<\/li>\n<li>\u00c7\u00f6kebilen Kat\u0131 Madde<\/li>\n<li>Ask\u0131da Kat\u0131 Madde<\/li>\n<li>Ya\u011f Gres Tayini<\/li>\n<li>A\u011f\u0131r Metal Analizleri (Cd, Pb, Cu, Ni, Cr, Zn, &#8230;)<\/li>\n<li>Nitrat \/ Nitrat Azotu Tayini<\/li>\n<li>Nitrit \/ Nitrit Azotu Tayini<\/li>\n<li>Toplam Azot<\/li>\n<li>Krom +6<\/li>\n<li>Klor \/ Klordioksit \/ Serbest Klor \/ Ozon<\/li>\n<li>\u0130yod\u00fcr<\/li>\n<li>Y\u00fczey Aktif Madde ( Anyonik \/ Katyonik )<\/li>\n<li>Silika \/ Bor \/ Baryum \/ Selenyum<\/li>\n<li>S\u0131cakl\u0131k<\/li>\n<li>\u00c7\u00f6z\u00fcnm\u00fc\u015f Oksijen, Oksijen Doygunlu\u011fu<\/li>\n<li>I\u015f\u0131k Ge\u00e7irgenli\u011fi (Seki Diski), Y\u00fczer Madde, Debi<\/li>\n<li>Tuzluluk, Bulan\u0131kl\u0131k<\/li>\n<li>Alkalinite, Karbonat Alkalinitesi, Bikarbonat Alkalinitesi, Asidite<\/li>\n<li>Sertlik, Kalsiyum Sertli\u011fi, Magnezyum Sertli\u011fi<\/li>\n<li>Renk, Koku, Tat<\/li>\n<li>Bal\u0131k Biyodeneyi (ZSF)<\/li>\n<li>Sabit Kat\u0131 Madde, U\u00e7ucu Kat\u0131 Madde<\/li>\n<li>Aktif Klor, Serbest Klor, Toplam Klor, Bakiye Klor, Ba\u011fl\u0131 Klor<\/li>\n<li>Klor\u00fcr, Flor\u00fcr, Brom\u00fcr, S\u00fclfat<\/li>\n<li>Fenol, Fenoller<\/li>\n<li>Kimyasal Oksijen \u0130htiyac\u0131 (KO\u0130)<\/li>\n<li>Biyokimyasal Oksijen \u0130htiyac\u0131 (BO\u0130)<\/li>\n<li>Hidrazin<\/li>\n<li>Klorofil-a (\u00dcretkenlik)<\/li>\n<li>Fosfat, Fosfat Fosforu, Toplam Fosfor<\/li>\n<li>Sodyum (Na), Potasyum (K), Kalsiyum (Ca), Magnezyum (Mg)<\/li>\n<li>Amonyum, Amonyum Azotu, Amonyak, Amonyak Azotu<\/li>\n<li>Toplam Kjeldahl Azotu, Toplam Azot, Organik Azot, \u0130norganik Azot<\/li>\n<li>S\u00fclf\u00fcr, S\u00fclfit<\/li>\n<li>Y\u00fczey Aktif Madde (MBAS)<\/li>\n<li>Toplam Siyan\u00fcr, Serbest Siyan\u00fcr, Zay\u0131f Asitte \u00c7\u00f6z\u00fcnebilen Siyan\u00fcr (WAD Siyan\u00fcr)<\/li>\n<li>Serbest Karbondioksit, Permanganat \u0130ndeksi<\/li>\n<\/ul>\n<\/div><div class=\"bt_bb_separator bt_bb_bottom_spacing_small bt_bb_border_style_none bt_bb_hidden_md bt_bb_hidden_lg\"><\/div><div class=\"bt_bb_column_inner_highlight\"><\/div><\/div><\/div><div  class=\"bt_bb_column_inner col-md-6 col-sm-12 bt_bb_align_left bt_bb_vertical_align_top\"  data-width=\"6\"><div class=\"bt_bb_column_inner_content\"><div class=\"bt_bb_image bt_bb_shape_square bt_bb_align_inherit bt_bb_hover_style_simple bt_bb_content_display_always bt_bb_content_align_middle\" data-bt-override-class=\"{&quot;bt_bb_align_&quot;:{&quot;current_class&quot;:&quot;bt_bb_align_inherit&quot;,&quot;xl&quot;:&quot;inherit&quot;}}\"><span><img width=\"710\" height=\"473\" src=\"http:\/\/www.ebacevre.com.tr\/wp-content\/uploads\/2021\/04\/atiksu_test__kucuk.jpg\" class=\"attachment-full size-full\" alt=\"http:\/\/www.ebacevre.com.tr\/wp-content\/uploads\/2021\/04\/atiksu_test__kucuk.jpg\" loading=\"lazy\" data-full_image_src=\"http:\/\/www.ebacevre.com.tr\/wp-content\/uploads\/2021\/04\/atiksu_test__kucuk.jpg\" title=\"atiksu_test__kucuk\" srcset=\"http:\/\/www.ebacevre.com.tr\/wp-content\/uploads\/2021\/04\/atiksu_test__kucuk.jpg 710w, http:\/\/www.ebacevre.com.tr\/wp-content\/uploads\/2021\/04\/atiksu_test__kucuk-640x426.jpg 640w, http:\/\/www.ebacevre.com.tr\/wp-content\/uploads\/2021\/04\/atiksu_test__kucuk-320x213.jpg 320w\" sizes=\"(max-width: 710px) 100vw, 710px\" \/><\/span><\/div><div class=\"bt_bb_column_inner_highlight\"><\/div><\/div><\/div><\/div><div class=\"bt_bb_separator bt_bb_bottom_spacing_small bt_bb_border_style_none\"><\/div><div class=\"bt_bb_column_highlight\"><\/div><\/div><\/div><\/div><\/div><\/div><\/div><\/div><\/section><\/div>","protected":false},"excerpt":{"rendered":"","protected":false},"author":1,"featured_media":0,"parent":0,"menu_order":0,"comment_status":"closed","ping_status":"closed","template":"","meta":[],"_links":{"self":[{"href":"http:\/\/www.ebacevre.com.tr\/index.php?rest_route=\/wp\/v2\/pages\/1092"}],"collection":[{"href":"http:\/\/www.ebacevre.com.tr\/index.php?rest_route=\/wp\/v2\/pages"}],"about":[{"href":"http:\/\/www.ebacevre.com.tr\/index.php?rest_route=\/wp\/v2\/types\/page"}],"author":[{"embeddable":true,"href":"http:\/\/www.ebacevre.com.tr\/index.php?rest_route=\/wp\/v2\/users\/1"}],"replies":[{"embeddable":true,"href":"http:\/\/www.ebacevre.com.tr\/index.php?rest_route=%2Fwp%2Fv2%2Fcomments&post=1092"}],"version-history":[{"count":5,"href":"http:\/\/www.ebacevre.com.tr\/index.php?rest_route=\/wp\/v2\/pages\/1092\/revisions"}],"predecessor-version":[{"id":1183,"href":"http:\/\/www.ebacevre.com.tr\/index.php?rest_route=\/wp\/v2\/pages\/1092\/revisions\/1183"}],"wp:attachment":[{"href":"http:\/\/www.ebacevre.com.tr\/index.php?rest_route=%2Fwp%2Fv2%2Fmedia&parent=1092"}],"curies":[{"name":"wp","href":"https:\/\/api.w.org\/{rel}","templated":true}]}}