{"id":1093,"date":"2021-03-11T23:52:30","date_gmt":"2021-03-11T20:52:30","guid":{"rendered":"http:\/\/www.ebacevre.com.tr\/?page_id=1093"},"modified":"2023-04-08T01:16:26","modified_gmt":"2023-04-07T22:16:26","slug":"referanslar","status":"publish","type":"page","link":"http:\/\/www.ebacevre.com.tr\/?page_id=1093","title":{"rendered":"Referanslar"},"content":{"rendered":"<div class=\"bt_bb_wrapper\"><section id=\"bt_bb_section69e3898a0bff1\"  class=\"bt_bb_section bt_bb_layout_boxed_1200\" ><div class=\"bt_bb_port\"><div class=\"bt_bb_cell\"><div class=\"bt_bb_cell_inner\"><div class=\"bt_bb_row_wrapper\"><div  class=\"bt_bb_row\" ><div  class=\"bt_bb_column col-md-12 col-ms-12 bt_bb_align_left bt_bb_vertical_align_top bt_bb_padding_normal\"  data-width=\"12\"><div class=\"bt_bb_column_content\"><div class=\"bt_bb_separator bt_bb_top_spacing_large bt_bb_border_style_none\"><\/div><div  class=\"bt_bb_text\" ><p><em>G\u00fcncellenmektedir.<\/em><\/p>\n<\/div><div class=\"bt_bb_separator bt_bb_top_spacing_large bt_bb_border_style_none\"><\/div><div class=\"bt_bb_column_highlight\"><\/div><\/div><\/div><\/div><\/div><\/div><\/div><\/div><\/section><section id=\"bt_bb_section69e3898a0c59a\"  class=\"bt_bb_section bt_bb_layout_boxed_1200 bt_bb_vertical_align_top bt_bb_hidden_xs bt_bb_hidden_ms bt_bb_hidden_sm bt_bb_hidden_md bt_bb_hidden_lg\" ><div class=\"bt_bb_port\"><div class=\"bt_bb_cell\"><div class=\"bt_bb_cell_inner\"><div class=\"bt_bb_row_wrapper\"><div  class=\"bt_bb_row\" ><div  class=\"bt_bb_column col-md-12 col-ms-12 bt_bb_align_left bt_bb_vertical_align_top bt_bb_padding_normal\"  data-width=\"12\"><div class=\"bt_bb_column_content\"><div class=\"bt_bb_masonry_image_grid bt_bb_grid_container bt_bb_columns_4 bt_bb_gap_no_gap\" data-columns=\"4\"><div class=\"bt_bb_masonry_post_image_content\" data-columns=\"4\"><div class=\"bt_bb_grid_sizer\"><\/div><div class=\"bt_bb_grid_item bt_bb_tile_format11\" data-hw=\"1.1301775147929\" data-src=\"http:\/\/www.ebacevre.com.tr\/wp-content\/uploads\/2021\/04\/cevre-danismanligi-ebacevre.png\" data-src-full=\"http:\/\/www.ebacevre.com.tr\/wp-content\/uploads\/2021\/04\/cevre-danismanligi-ebacevre.png\" data-title=\"\u00e7evre-dan\u0131\u015fmanl\u0131\u011f\u0131-ebacevre\"><div class=\"bt_bb_grid_item_inner\" data-hw=\"1.1301775147929\" ><div class=\"bt_bb_grid_item_inner_image\"><\/div><div class=\"bt_bb_grid_item_inner_content\"><\/div><\/div><\/div><div class=\"bt_bb_grid_item bt_bb_tile_format11\" data-hw=\"1\" data-src=\"http:\/\/www.ebacevre.com.tr\/wp-content\/uploads\/2021\/04\/numune-alma-ebacevre.png\" data-src-full=\"http:\/\/www.ebacevre.com.tr\/wp-content\/uploads\/2021\/04\/numune-alma-ebacevre.png\" data-title=\"numune alma ebacevre\"><div class=\"bt_bb_grid_item_inner\" data-hw=\"1\" ><div class=\"bt_bb_grid_item_inner_image\"><\/div><div class=\"bt_bb_grid_item_inner_content\"><\/div><\/div><\/div><div class=\"bt_bb_grid_item bt_bb_tile_format11\" data-hw=\"0.49873737373737\" data-src=\"http:\/\/www.ebacevre.com.tr\/wp-content\/uploads\/2021\/04\/atiksu_test1.jpg\" data-src-full=\"http:\/\/www.ebacevre.com.tr\/wp-content\/uploads\/2021\/04\/atiksu_test1.jpg\" data-title=\"at\u0131ksu_test1\"><div class=\"bt_bb_grid_item_inner\" data-hw=\"0.49873737373737\" ><div class=\"bt_bb_grid_item_inner_image\"><\/div><div class=\"bt_bb_grid_item_inner_content\"><\/div><\/div><\/div><div class=\"bt_bb_grid_item bt_bb_tile_format11\" data-hw=\"0.35166666666667\" data-src=\"http:\/\/www.ebacevre.com.tr\/wp-content\/uploads\/2021\/04\/ebacevre-slide2-1280x450.jpg\" data-src-full=\"http:\/\/www.ebacevre.com.tr\/wp-content\/uploads\/2021\/04\/ebacevre-slide2.jpg\" data-title=\"ebacevre-slide2\"><div class=\"bt_bb_grid_item_inner\" data-hw=\"0.35166666666667\" ><div class=\"bt_bb_grid_item_inner_image\"><\/div><div class=\"bt_bb_grid_item_inner_content\"><\/div><\/div><\/div><div class=\"bt_bb_grid_item bt_bb_tile_format11\" data-hw=\"0.66621438263229\" data-src=\"http:\/\/www.ebacevre.com.tr\/wp-content\/uploads\/2021\/04\/sesvegurultu-olcumu-ebaceva.jpg\" data-src-full=\"http:\/\/www.ebacevre.com.tr\/wp-content\/uploads\/2021\/04\/sesvegurultu-olcumu-ebaceva.jpg\" data-title=\"sesvegurultu-olcumu-ebaceva\"><div class=\"bt_bb_grid_item_inner\" data-hw=\"0.66621438263229\" ><div class=\"bt_bb_grid_item_inner_image\"><\/div><div class=\"bt_bb_grid_item_inner_content\"><\/div><\/div><\/div><div class=\"bt_bb_grid_item bt_bb_tile_format11\" data-hw=\"0.66666666666667\" data-src=\"http:\/\/www.ebacevre.com.tr\/wp-content\/uploads\/2021\/04\/Emisyon-Imisyon-Olcumleri.jpg\" data-src-full=\"http:\/\/www.ebacevre.com.tr\/wp-content\/uploads\/2021\/04\/Emisyon-Imisyon-Olcumleri.jpg\" data-title=\"Emisyon &amp; \u0130misyon \u00d6l\u00e7\u00fcmleri\"><div class=\"bt_bb_grid_item_inner\" data-hw=\"0.66666666666667\" ><div class=\"bt_bb_grid_item_inner_image\"><\/div><div class=\"bt_bb_grid_item_inner_content\"><\/div><\/div><\/div><div class=\"bt_bb_grid_item bt_bb_tile_format11\" data-hw=\"0.658203125\" data-src=\"http:\/\/www.ebacevre.com.tr\/wp-content\/uploads\/2021\/04\/Is-hijyeni-Is-Sagligi-ve-Guvenligi-Olcumu-ebacevre.jpg\" data-src-full=\"http:\/\/www.ebacevre.com.tr\/wp-content\/uploads\/2021\/04\/Is-hijyeni-Is-Sagligi-ve-Guvenligi-Olcumu-ebacevre.jpg\" data-title=\"\u0130\u015f hijyeni (\u0130\u015f Sa\u011fl\u0131\u011f\u0131 ve G\u00fcvenli\u011fi) \u00d6l\u00e7\u00fcm\u00fc-ebacevre\"><div class=\"bt_bb_grid_item_inner\" data-hw=\"0.658203125\" ><div class=\"bt_bb_grid_item_inner_image\"><\/div><div class=\"bt_bb_grid_item_inner_content\"><\/div><\/div><\/div><\/div><\/div><div class=\"bt_bb_column_highlight\"><\/div><\/div><\/div><\/div><\/div><\/div><\/div><\/div><\/section><\/div>","protected":false},"excerpt":{"rendered":"","protected":false},"author":1,"featured_media":0,"parent":0,"menu_order":0,"comment_status":"closed","ping_status":"closed","template":"","meta":[],"_links":{"self":[{"href":"http:\/\/www.ebacevre.com.tr\/index.php?rest_route=\/wp\/v2\/pages\/1093"}],"collection":[{"href":"http:\/\/www.ebacevre.com.tr\/index.php?rest_route=\/wp\/v2\/pages"}],"about":[{"href":"http:\/\/www.ebacevre.com.tr\/index.php?rest_route=\/wp\/v2\/types\/page"}],"author":[{"embeddable":true,"href":"http:\/\/www.ebacevre.com.tr\/index.php?rest_route=\/wp\/v2\/users\/1"}],"replies":[{"embeddable":true,"href":"http:\/\/www.ebacevre.com.tr\/index.php?rest_route=%2Fwp%2Fv2%2Fcomments&post=1093"}],"version-history":[{"count":4,"href":"http:\/\/www.ebacevre.com.tr\/index.php?rest_route=\/wp\/v2\/pages\/1093\/revisions"}],"predecessor-version":[{"id":1442,"href":"http:\/\/www.ebacevre.com.tr\/index.php?rest_route=\/wp\/v2\/pages\/1093\/revisions\/1442"}],"wp:attachment":[{"href":"http:\/\/www.ebacevre.com.tr\/index.php?rest_route=%2Fwp%2Fv2%2Fmedia&parent=1093"}],"curies":[{"name":"wp","href":"https:\/\/api.w.org\/{rel}","templated":true}]}}