{"id":1377,"date":"2023-01-26T10:23:01","date_gmt":"2023-01-26T07:23:01","guid":{"rendered":"http:\/\/www.ebacevre.com.tr\/?page_id=1377"},"modified":"2023-04-08T01:04:58","modified_gmt":"2023-04-07T22:04:58","slug":"cevre-muhendisligi","status":"publish","type":"page","link":"http:\/\/www.ebacevre.com.tr\/?page_id=1377","title":{"rendered":"\u00c7evre M\u00fchendisli\u011fi"},"content":{"rendered":"<div class=\"bt_bb_wrapper\"><section id=\"bt_bb_section69e38f01dee1a\"  class=\"bt_bb_section bt_bb_top_spacing_medium bt_bb_bottom_spacing_medium bt_bb_layout_boxed_1200 bt_bb_vertical_align_top\" ><div class=\"bt_bb_port\"><div class=\"bt_bb_cell\"><div class=\"bt_bb_cell_inner\"><div class=\"bt_bb_row_wrapper\"><div  class=\"bt_bb_row bt_bb_column_gap_25\" ><div  class=\"bt_bb_column col-md-12 col-ms-12 bt_bb_align_left bt_bb_vertical_align_top bt_bb_animation_fade_in animate bt_bb_padding_normal\"  data-width=\"12\"><div class=\"bt_bb_column_content\"><header class=\"bt_bb_headline bt_bb_font_weight_bold bt_bb_color_scheme_7 bt_bb_dash_none bt_bb_size_medium bt_bb_align_inherit bt_bb_dash_type_none\" data-bt-override-class=\"{&quot;bt_bb_align_&quot;:{&quot;current_class&quot;:&quot;bt_bb_align_inherit&quot;,&quot;xl&quot;:&quot;inherit&quot;}}\"><h3 class=\"bt_bb_headline_tag\"><span class=\"bt_bb_headline_content\"><span>\u00c7evre M\u00fchendisli\u011fi<\/span><\/span><\/h3><\/header><div class=\"bt_bb_separator bt_bb_bottom_spacing_small bt_bb_border_style_none\"><\/div><div  class=\"bt_bb_row_inner\" ><div  class=\"bt_bb_column_inner col-md-12 col-ms-12 bt_bb_align_left bt_bb_vertical_align_top\"  data-width=\"12\"><div class=\"bt_bb_column_inner_content\"><div  class=\"bt_bb_text\" ><ul>\n<li><strong>Sanayicilerimiz \u00c7evre Mevzuat\u0131<\/strong>\u00a0kapsam\u0131nda, faaliyetlerinin y\u00f6netmeli\u011fe uygunlu\u011funu, al\u0131nan tedbirlerin etkili olarak uygulan\u0131p uygulanmad\u0131\u011f\u0131n\u0131 de\u011ferlendirmek ve tesis i\u00e7i y\u0131ll\u0131k i\u00e7 tetkik denetimlerini yapmak \u00fczere \u00e7evre g\u00f6revlisi\/g\u00f6revlileri istihdam etmek veya \u00e7evre dan\u0131\u015fmanl\u0131k firmalar\u0131ndan \u00e7evre dan\u0131\u015fmanl\u0131k hizmeti almak zorundad\u0131rlar.<strong>\u00c7evre \u0130zin ve Lisans Y\u00f6netmeli\u011fi<\/strong> 10.09.2014 tarihli ve 29115 say\u0131l\u0131 Resmi Gazetede yay\u0131mlanarak y\u00fcr\u00fcrl\u00fc\u011fe girmi\u015ftir. Bu y\u00f6netmelik \u00e7evre iznine veya \u00e7evre izin ve lisans\u0131na tabi i\u015fletmeleri tan\u0131mlamakta, \u00e7evresel etkilerine g\u00f6re Ek-1 ve Ek-2 listelerinde s\u0131n\u0131fland\u0131rmaktad\u0131r.<strong>\u00c7evre \u0130zin ve Lisans Y\u00f6netmeli\u011fine buradan ula\u015fabilirsiniz\u2026\u0130\u015fletmenizin \u00e7evre izin ve lisans\u0131na tabi olup olmad\u0131\u011f\u0131n\u0131 buradaki listelere bakarak belirleyebilirsiniz.Y\u00f6netmeli\u011fin;Ek-1:<\/strong> <strong>\u00c7evreye kirletici etkisi y\u00fcksek d\u00fczeyde olan i\u015fletmeler i\u00e7in l\u00fctfen t\u0131klay\u0131n\u0131z\u2026<\/strong><\/li>\n<\/ul>\n<p><strong>Ek-2:<\/strong> <strong>\u00c7evreye kirletici etkisi olan i\u015fletmeler i\u00e7in l\u00fctfen t\u0131klay\u0131n\u0131z\u2026<\/strong><\/p>\n<p><strong>\u00c7evre Dan\u0131\u015fmanl\u0131\u011f\u0131: <\/strong>B\u00fcy\u00fck ve K\u00fc\u00e7\u00fck \u00f6l\u00e7ekli i\u015fletmelere \u00c7evre y\u00f6netimi hizmeti vermesi i\u00e7in Bakanl\u0131k taraf\u0131ndan belgelendirilen t\u00fczel ki\u015fili\u011fi ifade etmektedir.<\/p>\n<p><strong>Eba \u00c7evre, <\/strong>olarak T.C. \u00c7evre ve \u015eehircilik Bakanl\u0131\u011f\u0131 taraf\u0131ndan \u00c7DYB-8654 belge numaral\u0131 \u00c7evre Dan\u0131\u015fmanl\u0131k Yeterlik Belgesi ile hizmet vermekteyiz.<\/p>\n<p><strong>Eba \u00c7evre, <\/strong>TSE Hizmet Yeterlilik Belgesine ve TMMOB B\u00fcro Tescil Belgesine sahip bir dan\u0131\u015fmanl\u0131k firmas\u0131d\u0131r.<\/p>\n<p><strong>Yeterlik belgemize ve di\u011fer belgelerimize ula\u015fmak i\u00e7in l\u00fctfen t\u0131klay\u0131n\u0131z\u2026<\/strong><\/p>\n<p><strong>\u00c7evre G\u00f6revlisi Dan\u0131\u015fman\u0131: <\/strong>Faaliyetleri sonucu \u00e7evre kirlili\u011fine neden olan ve\/veya neden olabilecek ve \u00c7evre Kanunu ve bu Kanuna dayan\u0131larak y\u00fcr\u00fcrl\u00fc\u011fe konulan d\u00fczenlemeler uyar\u0131nca denetime t\u00e2bi tesislerin faaliyetlerinin mevzuata uygunlu\u011funu, al\u0131nan tedbirlerin etkili olarak uygulan\u0131p uygulanmad\u0131\u011f\u0131n\u0131 de\u011ferlendiren, tesis i\u00e7i y\u0131ll\u0131k denetim programlar\u0131 d\u00fczenleyen ve Bakanl\u0131k taraf\u0131ndan belge verilen g\u00f6revliyi ifade etmektedir.<\/p>\n<p><strong>Eba \u00c7evre,<\/strong> \u0130lgili y\u00f6netmelikler kapsam\u0131nda i\u015fletmenizi,<\/p>\n<ul>\n<li style=\"list-style-type: none;\">\n<ul>\n<li>De\u011ferlendirmeye al\u0131r,<\/li>\n<li>Kapsam belirleme \u00e7al\u0131\u015fmas\u0131 yapar,<\/li>\n<li>Durum raporu olu\u015fturur,<\/li>\n<li>Do\u011fru yol haritas\u0131n\u0131 \u00e7izer,<\/li>\n<li>\u00c7evre Dan\u0131\u015fman\u0131n\u0131z\u0131 g\u00f6revlendirir,<\/li>\n<li>\u00c7evre \u0130zin ve Lisans\u0131n\u0131z\u0131 y\u00f6netmeliklerde belirlenen s\u00fcreler \u00e7er\u00e7evesinde alman\u0131z\u0131 sa\u011flar.<\/li>\n<\/ul>\n<\/li>\n<\/ul>\n<p><strong>Eba \u00c7evre, <\/strong>\u00c7evre \u0130zin Lisans Y\u00f6netmeli\u011fi kapsam\u0131nda olmayan firmalar ile ilgili olarak \u00c7evre \u0130zni Kapsam d\u0131\u015f\u0131 Yaz\u0131s\u0131 alarak, yasal bildirim ve beyan y\u00fck\u00fcml\u00fcl\u00fckleri eksiksiz olarak y\u00f6netmeliklerde belirtilen s\u00fcrelerde yerine getirmektedir.<\/p>\n<p><strong>KOSGEB Deste\u011fi: <\/strong>Eba \u00c7evre, TSE Hizmet Yeri Yeterlik Belgesi\u2019ne sahip bir kurulu\u015ftur. Sanayicilerimiz\u00a0KOSGEB\u2019e \u00fcye olmalar\u0131 durumunda,\u00a0 \u00c7evre Dan\u0131\u015fmanl\u0131\u011f\u0131 konular\u0131nda destek alabilmektedir.<\/p>\n<p>\u00c7evre \u0130zni ve Lisans\u0131na tabi i\u015fletmelerin y\u00fck\u00fcml\u00fcl\u00fckleri;<\/p>\n<ul>\n<li style=\"list-style-type: none;\">\n<ul>\n<li><strong>Ek-1\u00a0<\/strong>listesinde yer alan faaliyet veya tesisler; \u00c7evre Y\u00f6netim Birimini kurar ve\/veya yetkili \u00c7evre Dan\u0131\u015fmanl\u0131k firmalar\u0131ndan hizmet al\u0131rlar,<\/li>\n<li><strong>Ek-2 <\/strong>listesinde yer alan faaliyet veya tesisler; en az bir \u00c7evre G\u00f6revlisi istihdam eder ve\/veya \u00c7evre Dan\u0131\u015fmanl\u0131k firmalar\u0131ndan hizmet al\u0131rlar,<\/li>\n<li><strong>Organize Sanayi B\u00f6lgeleri; <\/strong>y\u00f6netimleri b\u00fcnyesinde\u00a0en az bir \u00c7evre G\u00f6revlisi istihdam eder veya \u00c7evre Dan\u0131\u015fmanl\u0131k firmalar\u0131ndan hizmet al\u0131r veya \u00c7evre Y\u00f6netim Birimini kurarlar,<\/li>\n<li><strong>Belediyeler, \u0130l \u00d6zel \u0130dareleri ve Mahalli \u0130dare Birlikleri veya bunlar\u0131n i\u015ftirakleri;\u00a0\u00a0<\/strong>Ek-1 ve Ek-2 listelerinde\u00a0yer alan tesis veya faaliyetleri \u00e7evresel a\u00e7\u0131dan y\u00f6netmek \u00fczere en az bir \u00e7evre g\u00f6revlisi \u00e7al\u0131\u015ft\u0131rmakla veya\u00a0\u00e7evre y\u00f6netim birimi\u00a0kurmak ya da yetkilendirilmi\u015f \u00a0\u00e7evre dan\u0131\u015fmanl\u0131k firmalar\u0131ndan \u00e7evresel faaliyetlerin y\u00fcr\u00fct\u00fclmesi hususunda \u00e7evre y\u00f6netimi hizmeti al\u0131rlar,<\/li>\n<li><strong>Sa\u011fl\u0131k kurulu\u015flar\u0131 ve hastanelerden, yatak kapasitesi 20 ve \u00fczerinde olanlar<\/strong>en az bir \u00e7evre g\u00f6revlisi \u00e7al\u0131\u015ft\u0131rmak veya \u00e7evre y\u00f6netim birimi kurmak ya da yetkilendirilmi\u015f \u00e7evre dan\u0131\u015fmanl\u0131k firmalar\u0131ndan hizmet al\u0131rlar,<\/li>\n<\/ul>\n<\/li>\n<\/ul>\n<p><strong>EBA \u00c7EVRE <\/strong>olarak uzman ekibimizle ihtiya\u00e7 duyaca\u011f\u0131n\u0131z resmi izin, lisans veya ruhsat i\u015flemleri b\u00fcy\u00fck bir titizlik ve profesyonellikle takip edilerek neticelendirilmektedir.<\/p>\n<\/div><div class=\"bt_bb_separator bt_bb_bottom_spacing_small bt_bb_border_style_none bt_bb_hidden_md bt_bb_hidden_lg\"><\/div><div class=\"bt_bb_column_inner_highlight\"><\/div><\/div><\/div><\/div><div class=\"bt_bb_separator bt_bb_bottom_spacing_small bt_bb_border_style_none\"><\/div><div class=\"bt_bb_column_highlight\"><\/div><\/div><\/div><\/div><\/div><\/div><\/div><\/div><\/section><\/div>","protected":false},"excerpt":{"rendered":"","protected":false},"author":1,"featured_media":0,"parent":0,"menu_order":0,"comment_status":"closed","ping_status":"closed","template":"","meta":[],"_links":{"self":[{"href":"http:\/\/www.ebacevre.com.tr\/index.php?rest_route=\/wp\/v2\/pages\/1377"}],"collection":[{"href":"http:\/\/www.ebacevre.com.tr\/index.php?rest_route=\/wp\/v2\/pages"}],"about":[{"href":"http:\/\/www.ebacevre.com.tr\/index.php?rest_route=\/wp\/v2\/types\/page"}],"author":[{"embeddable":true,"href":"http:\/\/www.ebacevre.com.tr\/index.php?rest_route=\/wp\/v2\/users\/1"}],"replies":[{"embeddable":true,"href":"http:\/\/www.ebacevre.com.tr\/index.php?rest_route=%2Fwp%2Fv2%2Fcomments&post=1377"}],"version-history":[{"count":11,"href":"http:\/\/www.ebacevre.com.tr\/index.php?rest_route=\/wp\/v2\/pages\/1377\/revisions"}],"predecessor-version":[{"id":1436,"href":"http:\/\/www.ebacevre.com.tr\/index.php?rest_route=\/wp\/v2\/pages\/1377\/revisions\/1436"}],"wp:attachment":[{"href":"http:\/\/www.ebacevre.com.tr\/index.php?rest_route=%2Fwp%2Fv2%2Fmedia&parent=1377"}],"curies":[{"name":"wp","href":"https:\/\/api.w.org\/{rel}","templated":true}]}}