{"id":1378,"date":"2023-01-26T10:23:09","date_gmt":"2023-01-26T07:23:09","guid":{"rendered":"http:\/\/www.ebacevre.com.tr\/?page_id=1378"},"modified":"2023-04-08T01:08:32","modified_gmt":"2023-04-07T22:08:32","slug":"cevresel-planlama","status":"publish","type":"page","link":"http:\/\/www.ebacevre.com.tr\/?page_id=1378","title":{"rendered":"\u00c7evresel Planlama"},"content":{"rendered":"<div class=\"bt_bb_wrapper\"><section id=\"bt_bb_section69e38e5d59899\"  class=\"bt_bb_section bt_bb_top_spacing_medium bt_bb_bottom_spacing_medium bt_bb_layout_boxed_1200 bt_bb_vertical_align_top\" ><div class=\"bt_bb_port\"><div class=\"bt_bb_cell\"><div class=\"bt_bb_cell_inner\"><div class=\"bt_bb_row_wrapper\"><div  class=\"bt_bb_row bt_bb_column_gap_25\" ><div  class=\"bt_bb_column col-md-12 col-ms-12 bt_bb_align_left bt_bb_vertical_align_top bt_bb_animation_fade_in animate bt_bb_padding_normal\"  data-width=\"12\"><div class=\"bt_bb_column_content\"><header class=\"bt_bb_headline bt_bb_font_weight_bold bt_bb_color_scheme_7 bt_bb_dash_none bt_bb_size_medium bt_bb_align_inherit bt_bb_dash_type_none\" data-bt-override-class=\"{&quot;bt_bb_align_&quot;:{&quot;current_class&quot;:&quot;bt_bb_align_inherit&quot;,&quot;xl&quot;:&quot;inherit&quot;}}\"><h3 class=\"bt_bb_headline_tag\"><span class=\"bt_bb_headline_content\"><span>\u00c7evresel Planlama<\/span><\/span><\/h3><\/header><div class=\"bt_bb_separator bt_bb_bottom_spacing_small bt_bb_border_style_none\"><\/div><div  class=\"bt_bb_row_inner\" ><div  class=\"bt_bb_column_inner col-md-12 col-ms-12 bt_bb_align_left bt_bb_vertical_align_top\"  data-width=\"12\"><div class=\"bt_bb_column_inner_content\"><div  class=\"bt_bb_text\" ><h3>\u00c7evresel Planlama ve Fizibilite \u00c7al\u0131\u015fmalar\u0131<\/h3>\n<h4>\u00c7evresel Planlama Nedir ?<\/h4>\n<p>Do\u011fal kaynaklar\u0131n y\u00f6netimi\u00a0bak\u0131m\u0131ndan \u00e7evre planlamas\u0131 b\u00fcy\u00fck bir \u00f6nem ta\u015f\u0131maktad\u0131r. \u00c7evre y\u00f6netimi, birinci derecede insan\u0131n \u00e7evre \u00fczerindeki olumsuz etkisini en aza indirmeyi hedeflemektedir. \u00c7evre planlamas\u0131nda \u00e7evre sorunlar\u0131 ortaya \u00e7\u0131kt\u0131ktan sonra bunlar\u0131n etkilerini yok etmeye y\u00f6nelik \u00f6nlemler almaktan \u00e7ok \u00e7evre sorunlar\u0131n\u0131n olu\u015fmas\u0131n\u0131 \u00f6nlemeye y\u00f6nelik \u00e7al\u0131\u015fmalar yap\u0131l\u0131r.<\/p>\n<h4>Fizibilite \u00c7al\u0131\u015fmalar\u0131<\/h4>\n<p>\u00d6zellikle yeni kurulacak tesislerde olmak \u00fczere mevcut tesislerin de yerel, ulusal veya uluslar aras\u0131 \u00e7evresel ve i\u015f g\u00fcvenli\u011fi mevzuat\u0131na uyum sa\u011flamas\u0131 i\u00e7in yap\u0131lan \u00e7al\u0131\u015fmalard\u0131r.<\/p>\n<p>Bu \u00e7al\u0131\u015fmada; tesisin bulundu\u011fu alan ve sahip oldu\u011fu alt yap\u0131 yap\u0131lan veya yap\u0131lacak i\u015f a\u00e7\u0131s\u0131ndan \u00a0\u00e7ok detayl\u0131 olarak incelenmektedir. Tesisin ihtiya\u00e7 duydu\u011fu veya duyabilece\u011fi \u00e7evresel ve \u0130SG performans\u0131n\u0131 etkileyen unsurlar belirlenmektedir. Daha sonra bu unsurlar\u0131n her biri i\u00e7in yap\u0131lmas\u0131 gerekli \u00e7al\u0131\u015fmalar (alt yap\u0131, havaland\u0131rma, toz\/gaz filtre sistemleri, CO<sub>2 <\/sub>olu\u015fumu, at\u0131k y\u00f6netimi, at\u0131k su y\u00f6netimi, enerji y\u00f6netimi, kimyasal y\u00f6netimi, toprak kirlili\u011fi m\u00fccadelesi, i\u015f g\u00fcvenli\u011fi y\u00f6netimi vb.) modelleme ara\u00e7lar\u0131 ile birlikte \u00e7ok detayl\u0131 olarak incelenmektedir. \u0130nceleme neticesinde \u201c\u00c7evresel Planlama ve Fizibilite Raporu\u201d haz\u0131rlanmaktad\u0131r.<\/p>\n<p>Sanayi tesislerinin yan\u0131 s\u0131ra belediyeler,\u00a0oteller, turizm ve dinlenme tesisleri, hava alanlar\u0131, hastaneler de bu hizmetten son derece yararlanmak isteyen kurulu\u015flard\u0131r.<\/p>\n<h4>\u00c7evresel Durum Tespiti:<\/h4>\n<p>\u0130\u015fletmenizin yasal mevzuatlar veya m\u00fc\u015fteri talepleri do\u011frultusunda istenen kriterlere g\u00f6re de\u011ferlendirmesi yap\u0131lmakta ve raporlanmaktad\u0131r. \u0130stenen kriterler kapsam\u0131nda hedefler belirlenerek bu hedeflere yak\u0131nl\u0131k derecesi \u00e7\u0131kart\u0131lmaktad\u0131r.<\/p>\n<\/div><div class=\"bt_bb_separator bt_bb_bottom_spacing_small bt_bb_border_style_none bt_bb_hidden_md bt_bb_hidden_lg\"><\/div><div class=\"bt_bb_column_inner_highlight\"><\/div><\/div><\/div><\/div><div class=\"bt_bb_separator bt_bb_bottom_spacing_small bt_bb_border_style_none\"><\/div><div class=\"bt_bb_column_highlight\"><\/div><\/div><\/div><\/div><\/div><\/div><\/div><\/div><\/section><\/div>","protected":false},"excerpt":{"rendered":"","protected":false},"author":1,"featured_media":0,"parent":0,"menu_order":0,"comment_status":"closed","ping_status":"closed","template":"","meta":[],"_links":{"self":[{"href":"http:\/\/www.ebacevre.com.tr\/index.php?rest_route=\/wp\/v2\/pages\/1378"}],"collection":[{"href":"http:\/\/www.ebacevre.com.tr\/index.php?rest_route=\/wp\/v2\/pages"}],"about":[{"href":"http:\/\/www.ebacevre.com.tr\/index.php?rest_route=\/wp\/v2\/types\/page"}],"author":[{"embeddable":true,"href":"http:\/\/www.ebacevre.com.tr\/index.php?rest_route=\/wp\/v2\/users\/1"}],"replies":[{"embeddable":true,"href":"http:\/\/www.ebacevre.com.tr\/index.php?rest_route=%2Fwp%2Fv2%2Fcomments&post=1378"}],"version-history":[{"count":5,"href":"http:\/\/www.ebacevre.com.tr\/index.php?rest_route=\/wp\/v2\/pages\/1378\/revisions"}],"predecessor-version":[{"id":1438,"href":"http:\/\/www.ebacevre.com.tr\/index.php?rest_route=\/wp\/v2\/pages\/1378\/revisions\/1438"}],"wp:attachment":[{"href":"http:\/\/www.ebacevre.com.tr\/index.php?rest_route=%2Fwp%2Fv2%2Fmedia&parent=1378"}],"curies":[{"name":"wp","href":"https:\/\/api.w.org\/{rel}","templated":true}]}}