{"id":1379,"date":"2023-01-26T10:23:19","date_gmt":"2023-01-26T07:23:19","guid":{"rendered":"http:\/\/www.ebacevre.com.tr\/?page_id=1379"},"modified":"2023-04-08T01:10:00","modified_gmt":"2023-04-07T22:10:00","slug":"cevresel-risk-analizi","status":"publish","type":"page","link":"http:\/\/www.ebacevre.com.tr\/?page_id=1379","title":{"rendered":"\u00c7evresel Risk Analizi"},"content":{"rendered":"<div class=\"bt_bb_wrapper\"><section id=\"bt_bb_section69e38f2b82e87\"  class=\"bt_bb_section bt_bb_top_spacing_medium bt_bb_bottom_spacing_medium bt_bb_layout_boxed_1200 bt_bb_vertical_align_top\" ><div class=\"bt_bb_port\"><div class=\"bt_bb_cell\"><div class=\"bt_bb_cell_inner\"><div class=\"bt_bb_row_wrapper\"><div  class=\"bt_bb_row bt_bb_column_gap_25\" ><div  class=\"bt_bb_column col-md-12 col-ms-12 bt_bb_align_left bt_bb_vertical_align_top bt_bb_animation_fade_in animate bt_bb_padding_normal\"  data-width=\"12\"><div class=\"bt_bb_column_content\"><header class=\"bt_bb_headline bt_bb_font_weight_bold bt_bb_color_scheme_7 bt_bb_dash_none bt_bb_size_medium bt_bb_align_inherit bt_bb_dash_type_none\" data-bt-override-class=\"{&quot;bt_bb_align_&quot;:{&quot;current_class&quot;:&quot;bt_bb_align_inherit&quot;,&quot;xl&quot;:&quot;inherit&quot;}}\"><h3 class=\"bt_bb_headline_tag\"><span class=\"bt_bb_headline_content\"><span>\u00c7evresel Risk Analizi<\/span><\/span><\/h3><\/header><div class=\"bt_bb_separator bt_bb_bottom_spacing_small bt_bb_border_style_none\"><\/div><div  class=\"bt_bb_row_inner\" ><div  class=\"bt_bb_column_inner col-md-12 col-ms-12 bt_bb_align_left bt_bb_vertical_align_top\"  data-width=\"12\"><div class=\"bt_bb_column_inner_content\"><div  class=\"bt_bb_text\" ><p>Genel anlamda Risk: bir tehlikenin ortaya \u00e7\u0131kma olas\u0131l\u0131\u011f\u0131 ve bu tehlikenin ortaya \u00e7\u0131kt\u0131\u011f\u0131 anda sebep olaca\u011f\u0131 etkinin ciddiyeti olarak ele al\u0131nd\u0131\u011f\u0131nda a\u015fa\u011f\u0131daki ba\u011flant\u0131 elde edilir;<\/p>\n<p><b><i>Risk =<\/i><\/b><i> Tehdidin Olma \u0130htimali <\/i><i>(<b>likelihood<\/b>)<\/i><i> * Tehdidin Etkisi (<\/i><b><i>impact<\/i><\/b><i>) <\/i>form\u00fcl\u00fc nicel risk analizinin temel form\u00fcl\u00fcd\u00fcr.<\/p>\n<p>\u00c7evresel anlamda risk; tesisinizden kaynaklanabilecek \u00e7evresel boyutlar ile bunlar\u0131n \u00e7evreye olas\u0131 etkilerinin irdelendi\u011fi ve bir de\u011ferlendirme y\u00f6ntemidir. \u00c7evresel Risk bize tesisimizde olabilecek olumsuzluklar\u0131n \u00f6nem derecesi ve \u00f6nlem alma s\u0131ras\u0131 hakk\u0131nda en do\u011fru yolu g\u00f6stermesi a\u00e7\u0131s\u0131ndan \u00e7ok \u00f6nemlidir.<\/p>\n<h3>\u00c7evresel Eylem Planlar\u0131 Haz\u0131rlama:<\/h3>\n<p>Bir kurulu\u015fun<a href=\"http:\/\/www.abccevre.com\/cevre-muhendisligi\"> \u00e7evre<\/a> ile ilgili stratejilerinin geli\u015ftirildi\u011fi, \u00f6ncelik hiyerar\u015fisinin belirtildi\u011fi ve kararlar\u0131n al\u0131narak yat\u0131r\u0131m plan\u0131n\u0131n olu\u015fturuldu\u011fu planlard\u0131r.<\/p>\n<\/div><div class=\"bt_bb_separator bt_bb_bottom_spacing_small bt_bb_border_style_none bt_bb_hidden_md bt_bb_hidden_lg\"><\/div><div class=\"bt_bb_column_inner_highlight\"><\/div><\/div><\/div><\/div><div class=\"bt_bb_separator bt_bb_bottom_spacing_small bt_bb_border_style_none\"><\/div><div class=\"bt_bb_column_highlight\"><\/div><\/div><\/div><\/div><\/div><\/div><\/div><\/div><\/section><\/div>","protected":false},"excerpt":{"rendered":"","protected":false},"author":1,"featured_media":0,"parent":0,"menu_order":0,"comment_status":"closed","ping_status":"closed","template":"","meta":[],"_links":{"self":[{"href":"http:\/\/www.ebacevre.com.tr\/index.php?rest_route=\/wp\/v2\/pages\/1379"}],"collection":[{"href":"http:\/\/www.ebacevre.com.tr\/index.php?rest_route=\/wp\/v2\/pages"}],"about":[{"href":"http:\/\/www.ebacevre.com.tr\/index.php?rest_route=\/wp\/v2\/types\/page"}],"author":[{"embeddable":true,"href":"http:\/\/www.ebacevre.com.tr\/index.php?rest_route=\/wp\/v2\/users\/1"}],"replies":[{"embeddable":true,"href":"http:\/\/www.ebacevre.com.tr\/index.php?rest_route=%2Fwp%2Fv2%2Fcomments&post=1379"}],"version-history":[{"count":3,"href":"http:\/\/www.ebacevre.com.tr\/index.php?rest_route=\/wp\/v2\/pages\/1379\/revisions"}],"predecessor-version":[{"id":1439,"href":"http:\/\/www.ebacevre.com.tr\/index.php?rest_route=\/wp\/v2\/pages\/1379\/revisions\/1439"}],"wp:attachment":[{"href":"http:\/\/www.ebacevre.com.tr\/index.php?rest_route=%2Fwp%2Fv2%2Fmedia&parent=1379"}],"curies":[{"name":"wp","href":"https:\/\/api.w.org\/{rel}","templated":true}]}}