{"id":1387,"date":"2023-01-26T10:23:59","date_gmt":"2023-01-26T07:23:59","guid":{"rendered":"http:\/\/www.ebacevre.com.tr\/?page_id=1387"},"modified":"2023-04-08T01:13:18","modified_gmt":"2023-04-07T22:13:18","slug":"sifir-atik","status":"publish","type":"page","link":"http:\/\/www.ebacevre.com.tr\/?page_id=1387","title":{"rendered":"S\u0131f\u0131r At\u0131k"},"content":{"rendered":"<div class=\"bt_bb_wrapper\"><section id=\"bt_bb_section69e38c63ab596\"  class=\"bt_bb_section bt_bb_top_spacing_medium bt_bb_bottom_spacing_medium bt_bb_layout_boxed_1200 bt_bb_vertical_align_top\" ><div class=\"bt_bb_port\"><div class=\"bt_bb_cell\"><div class=\"bt_bb_cell_inner\"><div class=\"bt_bb_row_wrapper\"><div  class=\"bt_bb_row bt_bb_column_gap_25\" ><div  class=\"bt_bb_column col-md-12 col-ms-12 bt_bb_align_left bt_bb_vertical_align_top bt_bb_animation_fade_in animate bt_bb_padding_normal\"  data-width=\"12\"><div class=\"bt_bb_column_content\"><header class=\"bt_bb_headline bt_bb_font_weight_bold bt_bb_color_scheme_7 bt_bb_dash_none bt_bb_size_medium bt_bb_align_inherit bt_bb_dash_type_none\" data-bt-override-class=\"{&quot;bt_bb_align_&quot;:{&quot;current_class&quot;:&quot;bt_bb_align_inherit&quot;,&quot;xl&quot;:&quot;inherit&quot;}}\"><h3 class=\"bt_bb_headline_tag\"><span class=\"bt_bb_headline_content\"><span>S\u0131f\u0131r At\u0131k<\/span><\/span><\/h3><\/header><div class=\"bt_bb_separator bt_bb_bottom_spacing_small bt_bb_border_style_none\"><\/div><div  class=\"bt_bb_row_inner\" ><div  class=\"bt_bb_column_inner col-md-12 col-ms-12 bt_bb_align_left bt_bb_vertical_align_top\"  data-width=\"12\"><div class=\"bt_bb_column_inner_content\"><div  class=\"bt_bb_text\" ><h4><strong>NEDEN SIFIR ATIK?<\/strong><\/h4>\n<p>\u201cS\u0131f\u0131r At\u0131k\u201d; israf\u0131n \u00f6nlenmesini, kaynaklar\u0131n daha verimli kullan\u0131lmas\u0131n\u0131, at\u0131k olu\u015fum sebeplerinin g\u00f6zden ge\u00e7irilerek at\u0131k olu\u015fumunun engellenmesi veya minimize edilmesi, at\u0131\u011f\u0131n olu\u015fmas\u0131 durumunda ise kayna\u011f\u0131nda ayr\u0131 toplanmas\u0131 ve geri kazan\u0131m\u0131n\u0131n sa\u011flanmas\u0131n\u0131 kapsayan at\u0131k y\u00f6netim felsefesi olarak tan\u0131mlanan bir hedeftir.<\/p>\n<p>At\u0131klar\u0131n geri d\u00f6n\u00fc\u015f\u00fcm ve geri kazan\u0131m s\u00fcreci i\u00e7inde de\u011ferlendirilmeden bertaraf\u0131 hem maddesel hem de enerji olarak ciddi kaynak kay\u0131plar\u0131 ya\u015fanmas\u0131na neden olmaktad\u0131r. D\u00fcnya \u00fczerindeki n\u00fcfus ve ya\u015fam standartlar\u0131 artarken t\u00fcketimde de ka\u00e7\u0131n\u0131lmaz \u015fekilde bir art\u0131\u015f ya\u015fanmakta ve bu durum do\u011fal kaynaklar\u0131m\u0131z \u00fczerindeki bask\u0131y\u0131 art\u0131rarak d\u00fcnyan\u0131n dengesini bozmakta, s\u0131n\u0131rl\u0131 kaynaklar\u0131m\u0131z artan ihtiya\u00e7lara yeti\u015fememektedir. Bu durum g\u00f6z \u00f6n\u00fcne al\u0131nd\u0131\u011f\u0131nda, do\u011fal kaynaklar\u0131n verimli kullan\u0131lmas\u0131n\u0131n \u00f6nemi daha da ortaya \u00e7\u0131kmaktad\u0131r. Bu nedenledir ki son y\u0131llarda t\u00fcm d\u00fcnyada s\u0131f\u0131r at\u0131k uygulama \u00e7al\u0131\u015fmalar\u0131 hem bireysel hem kurumsal hem de belediye genelinde yayg\u0131nla\u015fmaktad\u0131r.<\/p>\n<p>S\u0131f\u0131r at\u0131k yakla\u015f\u0131m\u0131n\u0131n esas al\u0131nmas\u0131 ile sa\u011flanacak avantajlar;<\/p>\n<p>\u2756 Verimlili\u011fin artmas\u0131,<br \/>\n\u2756 Temiz ortam kaynakl\u0131 olarak performans\u0131n artmas\u0131,<br \/>\n\u2756 \u0130sraf\u0131n \u00f6n\u00fcne ge\u00e7ildi\u011finden maliyetlerin azalt\u0131lmas\u0131,<br \/>\n\u2756 \u00c7evresel risklerin azalmas\u0131n\u0131n sa\u011flanmas\u0131,<br \/>\n\u2756 \u00c7evre koruma bilincinin kurum b\u00fcnyesinde geli\u015fmesine katk\u0131 sa\u011fland\u0131\u011f\u0131ndan \u00e7al\u0131\u015fanlar\u0131n \u201cduyarl\u0131 t\u00fcketici\u201d duygusuna sahip olmas\u0131n\u0131n sa\u011flanmas\u0131,<br \/>\n\u2756 Ulusal ve uluslararas\u0131 pazarlarda kurumun \u201c\u00c7evreci\u201d s\u0131fat\u0131na sahip olmas\u0131n\u0131n sa\u011flanmas\u0131, bu sayede sayg\u0131nl\u0131\u011f\u0131n\u0131n artt\u0131r\u0131lmas\u0131d\u0131r.<\/p>\n<p><img loading=\"lazy\" class=\"alignnone size-medium wp-image-1413\" src=\"http:\/\/www.ebacevre.com.tr\/wp-content\/uploads\/2023\/01\/ATIK-TURLERI-640x285.png\" alt=\"\" width=\"640\" height=\"285\" srcset=\"http:\/\/www.ebacevre.com.tr\/wp-content\/uploads\/2023\/01\/ATIK-TURLERI-640x285.png 640w, http:\/\/www.ebacevre.com.tr\/wp-content\/uploads\/2023\/01\/ATIK-TURLERI-768x342.png 768w, http:\/\/www.ebacevre.com.tr\/wp-content\/uploads\/2023\/01\/ATIK-TURLERI-320x142.png 320w, http:\/\/www.ebacevre.com.tr\/wp-content\/uploads\/2023\/01\/ATIK-TURLERI.png 1023w\" sizes=\"(max-width: 640px) 100vw, 640px\" \/><\/p>\n<h3><strong>NASIL KATKIDA BULUNAB\u0130L\u0130R\u0130M?<\/strong><\/h3>\n<h4><b>SIFIR ATIK S\u0130STEM\u0130 KURULUMU NED\u0130R?<\/b><\/h4>\n<p>S\u0131f\u0131r At\u0131k Sistemi, firma, kurum veya kurulu\u015flar\u0131n S\u0131f\u0131r At\u0131k\u2019a dahil olabilmesi i\u00e7in uygulamas\u0131 gereken ad\u0131mlardan olu\u015fan 7 a\u015famal\u0131 yol haritas\u0131d\u0131r.<\/p>\n<h4><b>SIFIR ATIK S\u0130STEM\u0130 KURULUMU A\u015eAMALARI<\/b><\/h4>\n<p><b>Odak Noktalar\u0131n\u0131n Belirlenmesi<\/b><\/p>\n<p>Kurumdaki s\u0131f\u0131r at\u0131k y\u00f6netim sisteminin kurulmas\u0131ndan, etkin ve verimli bir s\u0327ekilde uygulanmas\u0131ndan, izlenmesinden, bilgi ak\u0131s\u0327\u0131n\u0131n sag\u0306lanmas\u0131ndan, raporlama yap\u0131lmas\u0131ndan sorumlu olacak ki\u015filer belirlenir. Bunlar s\u0131f\u0131r at\u0131k yo\u0308netimini sag\u0306layacak ekibin bas\u0327\u0131nda olacak kis\u0327ilerdir.<\/p>\n<p><b>Mevcut Durum Tespiti<\/b><\/p>\n<p>S\u0131f\u0131r At\u0131k Y\u00f6netim Sistemini kurumunuzda uygularken, \u00f6ncelikle at\u0131klar konusunda ne durumda oldug\u0306unuzu belirlemeniz, mevcut durumunuzu analiz etmeniz, ilerlerken size kolayl\u0131k sag\u0306layacakt\u0131r.<\/p>\n<p><b>Planlama<\/b><\/p>\n<p>Bu as\u0327amada, mevcut durum esas al\u0131narak kuruma \u00f6zg\u00fc termin plan\u0131 haz\u0131rlan\u0131r.<\/p>\n<p><b>I\u0307htiya\u00e7lar\u0131n Belirlenmesi ve Temin<\/b><\/p>\n<p>S\u0131f\u0131r At\u0131k Sistemi kurumda uygulan\u0131rken, kurumdaki her birim dikkate al\u0131narak (ofisler, yemekhane, revir gibi) ihtiya\u00e7 duyulacak t\u00fcm ekipmanlar belirlenir, listelenir ve uygulamaya ge\u00e7ilmeden \u00f6nce temin edilir.<\/p>\n<p><b>Eg\u0306itim \u2013 Bilin\u00e7lendirme<\/b><\/p>\n<p>Ekipmanlar\u0131n temini tamamland\u0131ktan sonra, uygulamaya ge\u00e7ilmeden \u00f6nce hedef kitlelere y\u00f6nelik uygulamal\u0131 eg\u0306itim ve bilgilendirme \u00e7al\u0131s\u0327malar\u0131 yap\u0131l\u0131r.<\/p>\n<p><b>Uygulama<\/b><\/p>\n<p>Temin edilen biriktirme ekipmanlar\u0131 personellerin kolayca ula\u015fabilece\u011fi noktalara, uygun aral\u0131klarla yerle\u015ftirilir. Ekipmanlara g\u00f6re tasarlanm\u0131\u015f bilgilendirme afi\u015fleri, ekipmanlar\u0131n \u00fcst\u00fcne, kolayca g\u00f6r\u00fclebilecek \u015fekilde as\u0131l\u0131r. Biriktirme ekipman\u0131 ve tan\u0131t\u0131m materyallerinde renk skalas\u0131na dikkat edilmelidir.<\/p>\n<p><b>Raporlama<\/b><\/p>\n<p>Bu a\u015famada uygulaman\u0131n etkinlig\u0306inin deg\u0306erlendirilmesi amac\u0131yla \u00e7al\u0131s\u0327ma ekibi taraf\u0131ndan izleme yap\u0131l\u0131r ve varsa uygulaman\u0131n aksayan y\u00f6nleri, eksiklikler veya gelis\u0327tirilecek taraflar tespit edilir, \u00f6nlemler al\u0131n\u0131r.<\/p>\n<\/div><div class=\"bt_bb_separator bt_bb_bottom_spacing_small bt_bb_border_style_none bt_bb_hidden_md bt_bb_hidden_lg\"><\/div><div class=\"bt_bb_column_inner_highlight\"><\/div><\/div><\/div><\/div><div class=\"bt_bb_separator bt_bb_bottom_spacing_small bt_bb_border_style_none\"><\/div><div class=\"bt_bb_column_highlight\"><\/div><\/div><\/div><\/div><\/div><\/div><\/div><\/div><\/section><\/div>","protected":false},"excerpt":{"rendered":"","protected":false},"author":1,"featured_media":0,"parent":0,"menu_order":0,"comment_status":"closed","ping_status":"closed","template":"","meta":[],"_links":{"self":[{"href":"http:\/\/www.ebacevre.com.tr\/index.php?rest_route=\/wp\/v2\/pages\/1387"}],"collection":[{"href":"http:\/\/www.ebacevre.com.tr\/index.php?rest_route=\/wp\/v2\/pages"}],"about":[{"href":"http:\/\/www.ebacevre.com.tr\/index.php?rest_route=\/wp\/v2\/types\/page"}],"author":[{"embeddable":true,"href":"http:\/\/www.ebacevre.com.tr\/index.php?rest_route=\/wp\/v2\/users\/1"}],"replies":[{"embeddable":true,"href":"http:\/\/www.ebacevre.com.tr\/index.php?rest_route=%2Fwp%2Fv2%2Fcomments&post=1387"}],"version-history":[{"count":4,"href":"http:\/\/www.ebacevre.com.tr\/index.php?rest_route=\/wp\/v2\/pages\/1387\/revisions"}],"predecessor-version":[{"id":1440,"href":"http:\/\/www.ebacevre.com.tr\/index.php?rest_route=\/wp\/v2\/pages\/1387\/revisions\/1440"}],"wp:attachment":[{"href":"http:\/\/www.ebacevre.com.tr\/index.php?rest_route=%2Fwp%2Fv2%2Fmedia&parent=1387"}],"curies":[{"name":"wp","href":"https:\/\/api.w.org\/{rel}","templated":true}]}}