{"id":149,"date":"2019-12-30T11:36:46","date_gmt":"2019-12-30T11:36:46","guid":{"rendered":"http:\/\/denticare.bold-themes.com\/michelle\/?page_id=149"},"modified":"2023-04-07T01:56:44","modified_gmt":"2023-04-06T22:56:44","slug":"solutions","status":"publish","type":"page","link":"http:\/\/www.ebacevre.com.tr\/?page_id=149","title":{"rendered":"Hakk\u0131m\u0131zda"},"content":{"rendered":"<div class=\"bt_bb_wrapper\"><section id=\"bt_bb_section69e38d1d433bf\"  class=\"bt_bb_section bt_bb_layout_boxed_1200 bt_bb_vertical_align_top bt_bb_section_show_right_boxed_content\" ><div class=\"bt_bb_port\"><div class=\"bt_bb_cell\"><div class=\"bt_bb_cell_inner\"><div class=\"bt_bb_row_wrapper\"><div  class=\"bt_bb_row\" ><div  class=\"bt_bb_column col-md-12 col-ms-12 bt_bb_align_left bt_bb_vertical_align_middle bt_bb_animation_fade_in animate bt_bb_padding_double\" style=\"background-color: rgba(225, 232, 240, 1);\" data-width=\"12\"><div class=\"bt_bb_column_content\"><div class=\"bt_bb_separator bt_bb_bottom_spacing_medium bt_bb_border_style_none\"><\/div><header class=\"bt_bb_headline bt_bb_font_weight_bold bt_bb_color_scheme_7 bt_bb_dash_none bt_bb_size_large bt_bb_align_inherit bt_bb_dash_type_none\" data-bt-override-class=\"{&quot;bt_bb_align_&quot;:{&quot;current_class&quot;:&quot;bt_bb_align_inherit&quot;,&quot;xl&quot;:&quot;inherit&quot;}}\"><h2 style=\"font-size:5.625em\" class=\"bt_bb_headline_tag\"><span class=\"bt_bb_headline_content\"><span>Hakk\u0131m\u0131zda<\/span><\/span><\/h2><\/header><div class=\"bt_bb_separator bt_bb_top_spacing_extra_small bt_bb_bottom_spacing_small bt_bb_border_style_none\"><\/div><div  class=\"bt_bb_text\" ><p>Son y\u0131llarda \u00e7evre kirlili\u011fi d\u00fcnyada oldu\u011fu gibi, \u00fclkemizde de \u00f6nemli bir yer tutmaya ba\u015flam\u0131\u015ft\u0131r. Kamuoyunun hakl\u0131 duyarl\u0131l\u0131\u011f\u0131 ve \u00fclkemiz taraf\u0131ndan imzalanan bir\u00e7ok uluslararas\u0131 s\u00f6zle\u015fme gere\u011fi \u00e7evre konusu ve s\u00fcrd\u00fcr\u00fclebilir kalk\u0131nma olgusu y\u00fckselen bir de\u011fer olmu\u015ftur. Bu geli\u015fmelerin sonucu olarak, \u00e7evrenin korunmas\u0131 i\u00e7in \u00fclkemizde kanunlar ve y\u00f6netmeliklerle yasal bir platform olu\u015fturulmu\u015ftur. \u00c7evre konusunda olu\u015fturulan bu platform, Avrupa Birli\u011fi uyum s\u00fcreci ile giderek h\u0131z kazanm\u0131\u015f ve \u00f6nemini g\u00fcnden g\u00fcne artt\u0131rm\u0131\u015ft\u0131r. Bu kapsamda \u00c7evre ve \u015eehircilik Bakanl\u0131\u011f\u0131 taraf\u0131ndan giderek artan \u00e7evre sorunlar\u0131 ve AB uyum s\u00fcreci do\u011frultusunda Kanun ve Y\u00f6netmelikler revize edilmek sureti ile g\u00fcn\u00fcn \u015fartlar\u0131na cevap verecek standartlara ula\u015ft\u0131r\u0131lmaya \u00e7al\u0131\u015f\u0131lm\u0131\u015ft\u0131r. Bunun do\u011fal bir sonucu olarak da, faaliyette bulunan i\u015fletmelerin \u00e7evre konusunda yapaca\u011f\u0131 y\u00fck\u00fcml\u00fcl\u00fckler ve y\u00fck\u00fcml\u00fcl\u00fcklerini yerine getirmeyen i\u015fletmelerle ilgili idari para cezalar\u0131 kapsamla\u015ft\u0131r\u0131lm\u0131\u015ft\u0131r.<\/p>\n<p>Bununla birlikte, de\u011fi\u015fen teknoloji ve artan \u00fcretim kapasiteleri ile faaliyette bulunan i\u015fletmelerin \u0130\u015f Sa\u011fl\u0131\u011f\u0131 ve G\u00fcvenli\u011fi kapsam\u0131nda ki y\u00fck\u00fcml\u00fcl\u00fckleri ilgili mevzuatlar do\u011frultusunda artm\u0131\u015ft\u0131r.<\/p>\n<p>Eba \u00c7evre Dan\u0131\u015fmanl\u0131k, \u00c7evre Mevzuat\u0131 ve \u0130\u015f Sa\u011fl\u0131\u011f\u0131 ve G\u00fcvenli\u011fi Mevzuat\u0131 kapsam\u0131nda i\u015fletmelerin y\u00fck\u00fcml\u00fcl\u00fcklerini yerine getirmesi noktas\u0131nda gerek dan\u0131\u015fmanl\u0131k gerekse \u00f6l\u00e7\u00fcm ve raporlama konular\u0131nda faaliyet g\u00f6steren bir firmad\u0131r.<\/p>\n<p>B\u00fcnyesinde bulundurdu\u011fu, \u00c7evre Denetimi Y\u00f6netmeli\u011fi ve \u00c7evre Kanununca al\u0131nmas\u0131 gereken izin ve lisanslar hakk\u0131nda y\u00f6netmelik kapsam\u0131nda, dan\u0131\u015fmanl\u0131k hizmeti vermekte olup, bakanl\u0131k taraf\u0131ndan \u00c7EVRE DANI\u015eMANLIK YETERL\u0130L\u0130K BELGES\u0130 alm\u0131\u015f Eba \u00c7evre Dan\u0131\u015fmanl\u0131k titiz, kararl\u0131, azimli ve sekt\u00f6rde \u00f6nc\u00fc kurulu\u015flardan biri olma gayreti ile \u00e7al\u0131\u015fmalar\u0131na devam etmektedir.<\/p>\n<\/div><div class=\"bt_bb_separator bt_bb_top_spacing_extra_small bt_bb_bottom_spacing_normal bt_bb_border_style_none\"><\/div><div class=\"bt_bb_button bt_bb_icon_position_left bt_bb_color_scheme_11 bt_bb_style_filled bt_bb_size_normal bt_bb_width_inline bt_bb_shape_inherit bt_bb_align_inherit\" data-bt-override-class=\"{&quot;bt_bb_size_&quot;:{&quot;current_class&quot;:&quot;bt_bb_size_normal&quot;,&quot;xl&quot;:&quot;normal&quot;},&quot;bt_bb_align_&quot;:{&quot;current_class&quot;:&quot;bt_bb_align_inherit&quot;,&quot;xl&quot;:&quot;inherit&quot;}}\"><a href=\"#\" target=\"_self\" class=\"bt_bb_link\" title=\"Hizmetlerimiz\"><span class=\"bt_bb_button_text\">Hizmetlerimiz<\/span><\/a><\/div><div class=\"bt_bb_button bt_bb_icon_position_left bt_bb_color_scheme_6 bt_bb_style_filled bt_bb_size_normal bt_bb_width_inline bt_bb_shape_inherit bt_bb_align_inherit\" data-bt-override-class=\"{&quot;bt_bb_size_&quot;:{&quot;current_class&quot;:&quot;bt_bb_size_normal&quot;,&quot;xl&quot;:&quot;normal&quot;},&quot;bt_bb_align_&quot;:{&quot;current_class&quot;:&quot;bt_bb_align_inherit&quot;,&quot;xl&quot;:&quot;inherit&quot;}}\"><a href=\"?page_id=313\" target=\"_self\" class=\"bt_bb_link\" title=\"\u0130leti\u015fim Bilgilerimiz\"><span class=\"bt_bb_button_text\">\u0130leti\u015fim Bilgilerimiz<\/span><\/a><\/div><div class=\"bt_bb_separator bt_bb_bottom_spacing_medium bt_bb_border_style_none\"><\/div><div class=\"bt_bb_column_highlight\"><\/div><\/div><\/div><\/div><\/div><\/div><\/div><\/div><\/section><section id=\"bt_bb_section69e38d1d43983\"  class=\"bt_bb_section bt_bb_top_spacing_large bt_bb_bottom_spacing_medium bt_bb_layout_boxed_1200 bt_bb_vertical_align_top\" ><div class=\"bt_bb_port\"><div class=\"bt_bb_cell\"><div class=\"bt_bb_cell_inner\"><div class=\"bt_bb_row_wrapper\"><div  class=\"bt_bb_row\" ><div  class=\"bt_bb_column col-md-12 col-ms-12 bt_bb_align_left bt_bb_vertical_align_top bt_bb_animation_fade_in animate bt_bb_padding_double\"  data-width=\"12\"><div class=\"bt_bb_column_content\"><div  class=\"bt_bb_text\" ><div class=\"vc_row wpb_row vc_row-fluid vc_custom_1518637320173\">\n<div class=\"wpb_column vc_column_container vc_col-sm-12\">\n<div class=\"vc_column-inner vc_custom_1437471091665\">\n<div class=\"wpb_wrapper\">\n<div class=\"side_icon_box large boc_animate_when_almost_visible boc_start_animation\">\n<h3>V\u0130ZYONUMUZ<\/h3>\n<div class=\"side_icon_box_content\">\n<div class=\"wrapper prev-indent-bot\">\n<div class=\"extra-wrap\">\u015eiar edindi\u011fimiz \u00fc\u00e7 temam\u0131z\u0131n -\u201cS\u00fcrpriz ve Duyarl\u0131l\u0131k,\u201d \u201cG\u00fcvence ve G\u00fcvenlik\u201d ve \u201cRahatl\u0131k\u201d- verdi\u011fi ilhamla de\u011fer yaratmam\u0131z ve k\u00fcresel \u0131s\u0131nman\u0131n engellenmesi, kimyasal maddelerin kontrol\u00fc ve kaynaklar\u0131n verimli kullan\u0131m\u0131 konusunda g\u00f6n\u00fclden kararl\u0131 olmam\u0131z sayesinde, i\u015f s\u00fcre\u00e7lerimizi ve hizmetlerimizi D\u00fcnya gezegeninin gereksinimleriyle daha da uyumlu hale getirmeyi ama\u00e7l\u0131yoruz.<\/div>\n<\/div>\n<div class=\"wrapper prev-indent-bot\"><\/div>\n<\/div>\n<\/div>\n<\/div>\n<\/div>\n<\/div>\n<\/div>\n<div class=\"vc_row wpb_row vc_row-fluid vc_custom_1437471132163\">\n<div class=\"wpb_column vc_column_container vc_col-sm-12\">\n<div class=\"vc_column-inner vc_custom_1437471100617\">\n<div class=\"wpb_wrapper\">\n<div class=\"side_icon_box large boc_animate_when_almost_visible boc_start_animation\">\n<h3>M\u0130SYONUMUZ<\/h3>\n<div class=\"side_icon_box_content\">\n<div class=\"wrapper prev-indent-bot\">\n<div class=\"extra-wrap\">Kendimizi y\u00fcksek standartlarda tutarak, yenilik\u00e7i \u00e7\u00f6z\u00fcmlerimizi m\u00fc\u015fterilerimize sunmak ve onlar\u0131n k\u00fcresel sorunlarla ba\u015fa \u00e7\u0131kabilmesi i\u00e7in \u00e7al\u0131\u015f\u0131r\u0131z. Ekonomi, teknolojik geli\u015fmeler ve toplumun \u00e7\u0131karlar\u0131n\u0131 tam anlam\u0131yla g\u00f6zeten daha iyi bir d\u00fcnya kurmak i\u00e7in ya\u015far\u0131z. Bu anlay\u0131\u015f\u0131m\u0131z\u0131 m\u00fc\u015fterilerimizin \u00e7evre, g\u00fcvenlik ve ilgili faaliyetlerindeki problemlerini \u00e7\u00f6zmek i\u00e7in kullan\u0131r\u0131z.<\/div>\n<\/div>\n<div class=\"wrapper\"><\/div>\n<\/div>\n<\/div>\n<\/div>\n<\/div>\n<\/div>\n<\/div>\n<div class=\"vc_row wpb_row vc_row-fluid vc_custom_1437471132163\">\n<div class=\"wpb_column vc_column_container vc_col-sm-12\">\n<div class=\"vc_column-inner vc_custom_1437471106192\">\n<div class=\"wpb_wrapper\">\n<div class=\"side_icon_box large boc_animate_when_almost_visible boc_start_animation\">\n<h3>DE\u011eERLER\u0130M\u0130Z<\/h3>\n<div class=\"side_icon_box_content\">\n<section id=\"content\">\n<div class=\"container_12\">\n<div class=\"wrapper\">\n<article class=\"grid_8\">\n<div class=\"indent-left2\">\n<div class=\"maxheight img-indent-bot\">\n<div class=\"wrapper\">\n<div class=\"extra-wrap\">Amac\u0131m\u0131z, f\u0131rsatlar d\u00fcnyas\u0131nda \u00e7al\u0131\u015farak, mevcut ve gelecekteki sorunlara daha etkili, yenilik\u00e7i yakla\u015f\u0131mlar bulmak ve s\u00fcrd\u00fcr\u00fclebilir \u00e7\u00f6z\u00fcmler sunmakt\u0131r. Geni\u015f bir platformda ki\u015fisel geli\u015fim olanaklar\u0131m\u0131z ve hizmetlerimizi sunabildi\u011fimiz organizasyon yap\u0131s\u0131na sahibiz. Bu geli\u015fme ve ilerleme f\u0131rsatlar\u0131 bilgi deste\u011fi, s\u00fcrekli e\u011fitim, deneyim, yenilik\u00e7i d\u00fc\u015f\u00fcnme ve yarat\u0131c\u0131l\u0131k \u00e7\u00f6z\u00fcme kavu\u015fturmak i\u00e7in gerekli unsurlard\u0131r. \u0130stenilen sonuca tak\u0131m \u00e7al\u0131\u015fmas\u0131 yap\u0131labilen projelerde ula\u015f\u0131labilir; bu da \u00e7al\u0131\u015fanlar, m\u00fc\u015fteriler ve ortaklar\u0131n birlikte sarfetti\u011fi \u00e7aba ve i\u015fbirli\u011fi ile sa\u011flanabilir.<\/div>\n<div><\/div>\n<\/div>\n<div>\n<h3>YETK\u0130 BELGELER\u0130M\u0130Z<\/h3>\n<\/div>\n<\/div>\n<\/div>\n<\/article>\n<\/div>\n<\/div>\n<\/section>\n<\/div>\n<\/div>\n<\/div>\n<\/div>\n<\/div>\n<\/div>\n<\/div><div class=\"bt_bb_separator bt_bb_bottom_spacing_small bt_bb_border_style_none\"><\/div><div class=\"bt_bb_image bt_bb_shape_square bt_bb_align_inherit bt_bb_hover_style_simple bt_bb_content_display_always bt_bb_content_align_middle bt_bb_use_lightbox\" data-bt-override-class=\"{&quot;bt_bb_align_&quot;:{&quot;current_class&quot;:&quot;bt_bb_align_inherit&quot;,&quot;xl&quot;:&quot;inherit&quot;}}\"><a href=\"#lightbox\"  target=\"_self\"  title=\"EBA \u00c7EVRE DANI\u015eMANLIK YETERL\u0130K BELGES\u0130\u0130\"><img width=\"320\" height=\"240\" src=\"http:\/\/www.ebacevre.com.tr\/wp-content\/uploads\/2023\/04\/EBA-CEVRE-DANISMANLIK-YETERLIK-BELGESII-320x240.jpg\" class=\"attachment-boldthemes_small_rectangle size-boldthemes_small_rectangle\" alt=\"http:\/\/www.ebacevre.com.tr\/wp-content\/uploads\/2023\/04\/EBA-CEVRE-DANISMANLIK-YETERLIK-BELGESII-320x240.jpg\" loading=\"lazy\" data-full_image_src=\"http:\/\/www.ebacevre.com.tr\/wp-content\/uploads\/2023\/04\/EBA-CEVRE-DANISMANLIK-YETERLIK-BELGESII.jpg\" title=\"EBA \u00c7EVRE DANI\u015eMANLIK YETERL\u0130K BELGES\u0130\u0130\" srcset=\"http:\/\/www.ebacevre.com.tr\/wp-content\/uploads\/2023\/04\/EBA-CEVRE-DANISMANLIK-YETERLIK-BELGESII-320x240.jpg 320w, http:\/\/www.ebacevre.com.tr\/wp-content\/uploads\/2023\/04\/EBA-CEVRE-DANISMANLIK-YETERLIK-BELGESII-640x480.jpg 640w\" sizes=\"(max-width: 320px) 100vw, 320px\" \/><\/a><\/div><div class=\"bt_bb_image bt_bb_shape_square bt_bb_align_inherit bt_bb_hover_style_simple bt_bb_content_display_always bt_bb_content_align_middle bt_bb_use_lightbox\" data-bt-override-class=\"{&quot;bt_bb_align_&quot;:{&quot;current_class&quot;:&quot;bt_bb_align_inherit&quot;,&quot;xl&quot;:&quot;inherit&quot;}}\"><a href=\"#lightbox\"  target=\"_self\"  title=\"EBA \u00c7EVRE \u00c7ED YETERL\u0130K BELGES\u0130\u0130\"><img width=\"320\" height=\"240\" src=\"http:\/\/www.ebacevre.com.tr\/wp-content\/uploads\/2023\/04\/EBA-CEVRE-CED-YETERLIK-BELGESII-320x240.jpg\" class=\"attachment-boldthemes_small_rectangle size-boldthemes_small_rectangle\" alt=\"http:\/\/www.ebacevre.com.tr\/wp-content\/uploads\/2023\/04\/EBA-CEVRE-CED-YETERLIK-BELGESII-320x240.jpg\" loading=\"lazy\" data-full_image_src=\"http:\/\/www.ebacevre.com.tr\/wp-content\/uploads\/2023\/04\/EBA-CEVRE-CED-YETERLIK-BELGESII.jpg\" title=\"EBA \u00c7EVRE \u00c7ED YETERL\u0130K BELGES\u0130\u0130\" srcset=\"http:\/\/www.ebacevre.com.tr\/wp-content\/uploads\/2023\/04\/EBA-CEVRE-CED-YETERLIK-BELGESII-320x240.jpg 320w, http:\/\/www.ebacevre.com.tr\/wp-content\/uploads\/2023\/04\/EBA-CEVRE-CED-YETERLIK-BELGESII-640x480.jpg 640w\" sizes=\"(max-width: 320px) 100vw, 320px\" \/><\/a><\/div><div class=\"bt_bb_separator bt_bb_bottom_spacing_small bt_bb_border_style_none\"><\/div><div class=\"bt_bb_column_highlight\"><\/div><\/div><\/div><\/div><\/div><\/div><\/div><\/div><\/section><section id=\"bt_bb_section69e38d1d44131\"  class=\"bt_bb_section bt_bb_top_spacing_medium bt_bb_bottom_spacing_medium bt_bb_layout_boxed_1200 bt_bb_vertical_align_top\" ><div class=\"bt_bb_port\"><div class=\"bt_bb_cell\"><div class=\"bt_bb_cell_inner\"><div class=\"bt_bb_row_wrapper\"><div  class=\"bt_bb_row\" ><div  class=\"bt_bb_column col-md-12 col-ms-12 bt_bb_align_left bt_bb_vertical_align_top bt_bb_animation_fade_in zoom_out animate bt_bb_padding_normal btLazyLoadBackground bt_bb_column_background_image\" style=\"background-color: rgba(16, 64, 153, 1);background-image:url(&#039;http:\/\/www.ebacevre.com.tr\/wp-content\/plugins\/bold-page-builder\/img\/blank.gif&#039;);\" data-background_image_src='http:\/\/www.ebacevre.com.tr\/wp-content\/uploads\/2020\/01\/bgn-budapest-3.jpg' data-width=\"12\"><div class=\"bt_bb_column_content\"><div class=\"bt_bb_separator bt_bb_top_spacing_extra_small bt_bb_bottom_spacing_normal bt_bb_border_style_none\"><\/div><div  class=\"bt_bb_row_inner bt_bb_column_inner_gap_20 bt_bb_hidden_xs bt_bb_hidden_ms\" ><div  class=\"bt_bb_column_inner col-md-9 col-ms-12 bt_bb_align_left bt_bb_vertical_align_top bt_bb_padding_double\"  data-width=\"9\"><div class=\"bt_bb_column_inner_content\"><header class=\"bt_bb_headline bt_bb_color_scheme_4 bt_bb_dash_none bt_bb_size_normal bt_bb_align_inherit bt_bb_dash_type_none\" style=\";font-family:&#039;Ubuntu&#039;\" data-bt-override-class=\"{&quot;bt_bb_align_&quot;:{&quot;current_class&quot;:&quot;bt_bb_align_inherit&quot;,&quot;xl&quot;:&quot;inherit&quot;}}\"><h5 style=\"font-family:'Ubuntu'\" class=\"bt_bb_headline_tag\"><span class=\"bt_bb_headline_content\"><span>Bize Ula\u015f\u0131n!<\/span><\/span><\/h5><\/header><header class=\"bt_bb_headline bt_bb_font_weight_bold bt_bb_color_scheme_1 bt_bb_dash_none bt_bb_size_large bt_bb_subheadline bt_bb_align_inherit bt_bb_dash_type_none\" data-bt-override-class=\"{&quot;bt_bb_align_&quot;:{&quot;current_class&quot;:&quot;bt_bb_align_inherit&quot;,&quot;xl&quot;:&quot;inherit&quot;}}\"><div class=\"bt_bb_headline_subheadline\">Alanlar\u0131nda Uzman \u00c7al\u0131\u015fanlar\u0131 \u0130le Hizmetlerine Devam Eden EBA \u00c7evre Dan\u0131\u015fmanl\u0131k Hizmetlerini Daha Yak\u0131ndan Tan\u0131y\u0131n.<\/div><\/header><div class=\"bt_bb_column_inner_highlight\"><\/div><\/div><\/div><div  class=\"bt_bb_column_inner col-md-3 col-sm-6 col-ms-12 bt_bb_align_center bt_bb_vertical_align_middle bt_bb_padding_normal\"  data-width=\"3\"><div class=\"bt_bb_column_inner_content\"><div class=\"bt_bb_button bt_bb_icon_position_left bt_bb_color_scheme_6 bt_bb_style_filled bt_bb_size_normal bt_bb_width_inline bt_bb_shape_inherit bt_bb_align_inherit\" data-bt-override-class=\"{&quot;bt_bb_size_&quot;:{&quot;current_class&quot;:&quot;bt_bb_size_normal&quot;,&quot;xl&quot;:&quot;normal&quot;},&quot;bt_bb_align_&quot;:{&quot;current_class&quot;:&quot;bt_bb_align_inherit&quot;,&quot;xl&quot;:&quot;inherit&quot;}}\"><a href=\"?page_id=313\" target=\"_self\" class=\"bt_bb_link\" title=\"\u0130leti\u015fim Bilgileri\"><span class=\"bt_bb_button_text\">\u0130leti\u015fim Bilgileri<\/span><\/a><\/div><div class=\"bt_bb_column_inner_highlight\"><\/div><\/div><\/div><\/div><div  class=\"bt_bb_row_inner bt_bb_hidden_sm bt_bb_hidden_md bt_bb_hidden_lg\" ><div  class=\"bt_bb_column_inner col-md-9 col-ms-12 bt_bb_align_left bt_bb_vertical_align_top bt_bb_padding_normal\"  data-width=\"9\"><div class=\"bt_bb_column_inner_content\"><header class=\"bt_bb_headline bt_bb_color_scheme_4 bt_bb_dash_none bt_bb_size_normal bt_bb_align_inherit bt_bb_dash_type_none\" data-bt-override-class=\"{&quot;bt_bb_align_&quot;:{&quot;current_class&quot;:&quot;bt_bb_align_inherit&quot;,&quot;xl&quot;:&quot;inherit&quot;}}\"><h5 class=\"bt_bb_headline_tag\"><span class=\"bt_bb_headline_content\"><span>Bize Ula\u015f\u0131n!<\/span><\/span><\/h5><\/header><header class=\"bt_bb_headline bt_bb_font_weight_bold bt_bb_color_scheme_1 bt_bb_dash_none bt_bb_size_large bt_bb_subheadline bt_bb_align_inherit bt_bb_dash_type_none\" data-bt-override-class=\"{&quot;bt_bb_align_&quot;:{&quot;current_class&quot;:&quot;bt_bb_align_inherit&quot;,&quot;xl&quot;:&quot;inherit&quot;}}\"><div class=\"bt_bb_headline_subheadline\">Alanlar\u0131nda Uzman \u00c7al\u0131\u015fanlar\u0131 \u0130le Hizmetlerine Devam Eden EBA \u00c7evre Dan\u0131\u015fmanl\u0131k Hizmetlerini Daha Yak\u0131ndan Tan\u0131y\u0131n.<\/div><\/header><div class=\"bt_bb_column_inner_highlight\"><\/div><\/div><\/div><div  class=\"bt_bb_column_inner col-md-3 col-sm-6 col-ms-12 bt_bb_align_left bt_bb_vertical_align_middle bt_bb_padding_normal\"  data-width=\"3\"><div class=\"bt_bb_column_inner_content\"><div class=\"bt_bb_separator bt_bb_bottom_spacing_normal bt_bb_border_style_none\"><\/div><div class=\"bt_bb_button bt_bb_icon_position_left bt_bb_color_scheme_6 bt_bb_style_filled bt_bb_size_normal bt_bb_width_inline bt_bb_shape_inherit bt_bb_align_inherit\" data-bt-override-class=\"{&quot;bt_bb_size_&quot;:{&quot;current_class&quot;:&quot;bt_bb_size_normal&quot;,&quot;xl&quot;:&quot;normal&quot;},&quot;bt_bb_align_&quot;:{&quot;current_class&quot;:&quot;bt_bb_align_inherit&quot;,&quot;xl&quot;:&quot;inherit&quot;}}\"><a href=\"?page_id=313\" target=\"_self\" class=\"bt_bb_link\" title=\"\u0130leti\u015fim\"><span class=\"bt_bb_button_text\">\u0130leti\u015fim<\/span><\/a><\/div><div class=\"bt_bb_column_inner_highlight\"><\/div><\/div><\/div><\/div><div class=\"bt_bb_separator bt_bb_top_spacing_extra_small bt_bb_bottom_spacing_normal bt_bb_border_style_none\"><\/div><div class=\"bt_bb_column_highlight\"><\/div><\/div><\/div><\/div><\/div><\/div><\/div><\/div><\/section><\/div>","protected":false},"excerpt":{"rendered":"<p>Distinctively exploit optimal alignments for intuitive bandwidth. Quickly coordinate e-business applications through revolutionary catalysts for change. Seamlessly underwhelm optimal testing procedures whereas bricks-and-clicks processes.<\/p>\n","protected":false},"author":2,"featured_media":0,"parent":147,"menu_order":0,"comment_status":"closed","ping_status":"closed","template":"","meta":[],"_links":{"self":[{"href":"http:\/\/www.ebacevre.com.tr\/index.php?rest_route=\/wp\/v2\/pages\/149"}],"collection":[{"href":"http:\/\/www.ebacevre.com.tr\/index.php?rest_route=\/wp\/v2\/pages"}],"about":[{"href":"http:\/\/www.ebacevre.com.tr\/index.php?rest_route=\/wp\/v2\/types\/page"}],"author":[{"embeddable":true,"href":"http:\/\/www.ebacevre.com.tr\/index.php?rest_route=\/wp\/v2\/users\/2"}],"replies":[{"embeddable":true,"href":"http:\/\/www.ebacevre.com.tr\/index.php?rest_route=%2Fwp%2Fv2%2Fcomments&post=149"}],"version-history":[{"count":21,"href":"http:\/\/www.ebacevre.com.tr\/index.php?rest_route=\/wp\/v2\/pages\/149\/revisions"}],"predecessor-version":[{"id":1431,"href":"http:\/\/www.ebacevre.com.tr\/index.php?rest_route=\/wp\/v2\/pages\/149\/revisions\/1431"}],"up":[{"embeddable":true,"href":"http:\/\/www.ebacevre.com.tr\/index.php?rest_route=\/wp\/v2\/pages\/147"}],"wp:attachment":[{"href":"http:\/\/www.ebacevre.com.tr\/index.php?rest_route=%2Fwp%2Fv2%2Fmedia&parent=149"}],"curies":[{"name":"wp","href":"https:\/\/api.w.org\/{rel}","templated":true}]}}